{"id":4797,"date":"2024-02-06T16:44:40","date_gmt":"2024-02-06T15:44:40","guid":{"rendered":"https:\/\/vtbati.fr\/vtbati\/?post_type=product&#038;p=4797"},"modified":"2024-02-06T16:44:49","modified_gmt":"2024-02-06T15:44:49","slug":"xhander-mastic-silicone-construction","status":"publish","type":"product","link":"http:\/\/s350233878.onlinehome.fr\/index.php\/produit\/xhander-mastic-silicone-construction\/","title":{"rendered":"XHANDER &#8211; Mastic silicone construction"},"content":{"rendered":"<div class=\"attribute product code-p\"><span class=\"type\">Code P :<\/span>\u00a0<span class=\"value\">P55TO24<\/span><\/div>\n<div class=\"attribute product sku\"><span class=\"type\">R\u00e9f. PROLIANS :<\/span>\u00a0<span class=\"value\" data-bind=\"text: selectedArticleSku\">68599555<\/span><\/div>\n<div class=\"attribute product ref\"><span class=\"type\">R\u00e9f. fabricant :<\/span>\u00a0<span class=\"value\" data-bind=\"text: getReferenceCode()\">157993<\/span><\/div>\n<div><strong>Temps de formation de peau rapide, id\u00e9al pour la pose de menuiserie en ext\u00e9rieur.<\/strong><\/p>\n<p>Mastic silicone oxime sans odeur et de teinte inalt\u00e9rable.<br \/>\nSans Meko.<br \/>\nExcellente adh\u00e9rence sur supports suivants : b\u00e9ton, pl\u00e2tre, tuile, brique, bois,verre, m\u00e9tal, PVC.<br \/>\nExcellente r\u00e9sistance aux intemp\u00e9ries et aux rayons UV.<\/p>\n<p>Utilisations :<br \/>\nJoints de raccordement entre menuiserie bois, PVC, Alu,<br \/>\nJoints d\u2019\u00e9tanch\u00e9it\u00e9 et de raccordement dans la construction.<\/p><\/div>\n","protected":false},"excerpt":{"rendered":"<p>Code P :\u00a0P55TO24 R\u00e9f. PROLIANS :\u00a068599555 R\u00e9f. fabricant :\u00a0157993 Temps de formation de peau rapide, id\u00e9al pour la pose de menuiserie en ext\u00e9rieur. Mastic silicone oxime sans odeur et de&hellip;<\/p>\n","protected":false},"featured_media":4800,"template":"","meta":[],"product_cat":[1099,1101,23],"product_tag":[1144,1143,559],"class_list":{"0":"post-4797","1":"product","2":"type-product","3":"status-publish","4":"has-post-thumbnail","6":"product_cat-mastics","7":"product_cat-mastics-silicones","8":"product_cat-consommable","9":"product_tag-construction","10":"product_tag-mastic-silicone","11":"product_tag-xhander","13":"first","14":"instock","15":"taxable","16":"shipping-taxable","17":"purchasable","18":"product-type-simple"},"_links":{"self":[{"href":"http:\/\/s350233878.onlinehome.fr\/index.php\/wp-json\/wp\/v2\/product\/4797","targetHints":{"allow":["GET"]}}],"collection":[{"href":"http:\/\/s350233878.onlinehome.fr\/index.php\/wp-json\/wp\/v2\/product"}],"about":[{"href":"http:\/\/s350233878.onlinehome.fr\/index.php\/wp-json\/wp\/v2\/types\/product"}],"wp:featuredmedia":[{"embeddable":true,"href":"http:\/\/s350233878.onlinehome.fr\/index.php\/wp-json\/wp\/v2\/media\/4800"}],"wp:attachment":[{"href":"http:\/\/s350233878.onlinehome.fr\/index.php\/wp-json\/wp\/v2\/media?parent=4797"}],"wp:term":[{"taxonomy":"product_cat","embeddable":true,"href":"http:\/\/s350233878.onlinehome.fr\/index.php\/wp-json\/wp\/v2\/product_cat?post=4797"},{"taxonomy":"product_tag","embeddable":true,"href":"http:\/\/s350233878.onlinehome.fr\/index.php\/wp-json\/wp\/v2\/product_tag?post=4797"}],"curies":[{"name":"wp","href":"https:\/\/api.w.org\/{rel}","templated":true}]}}