{"id":4784,"date":"2024-02-01T16:53:11","date_gmt":"2024-02-01T15:53:11","guid":{"rendered":"https:\/\/vtbati.fr\/vtbati\/?post_type=product&#038;p=4784"},"modified":"2024-02-01T16:54:34","modified_gmt":"2024-02-01T15:54:34","slug":"mastic-acrylique-repair-express-cement-290-ml-gris","status":"publish","type":"product","link":"http:\/\/s350233878.onlinehome.fr\/index.php\/produit\/mastic-acrylique-repair-express-cement-290-ml-gris\/","title":{"rendered":"SOUDAL &#8211; Mastic acrylique REPAIR EXPRESS CEMENT &#8211; 290 ml &#8211; gris"},"content":{"rendered":"<div class=\"attribute product sku\"><span class=\"type\">R\u00e9f. PROLIANS :<\/span>\u00a0<span class=\"value\" data-bind=\"text: selectedArticleSku\">57287322<\/span><\/div>\n<div class=\"attribute product ref\"><span class=\"type\">R\u00e9f. fabricant :<\/span>\u00a0<span class=\"value\" data-bind=\"text: getReferenceCode()\">125786<\/span><\/div>\n<div>Pour la r\u00e9paration et le rebouchage des fissures et cavit\u00e9s jusqu\u2019\u00e0 50 mm dans le b\u00e9ton et le ciment.<br \/>\nConvient \u00e9galement pour la r\u00e9paration de joints de ma\u00e7onnerie.<br \/>\nTr\u00e8s bonne adh\u00e9rence sur de nombreuses surfaces min\u00e9rales.<br \/>\nUsage int\u00e9rieur et ext\u00e9rieur.<br \/>\nDurcissement tr\u00e8s rapide.<br \/>\nSans retrait.<br \/>\nPeut \u00eatre peint.<br \/>\nColoris : gris ciment.<\/div>\n","protected":false},"excerpt":{"rendered":"<p>R\u00e9f. PROLIANS :\u00a057287322 R\u00e9f. fabricant :\u00a0125786 Pour la r\u00e9paration et le rebouchage des fissures et cavit\u00e9s jusqu\u2019\u00e0 50 mm dans le b\u00e9ton et le ciment. Convient \u00e9galement pour la r\u00e9paration&hellip;<\/p>\n","protected":false},"featured_media":4785,"template":"","meta":[],"product_cat":[1099,1100,23],"product_tag":[1142,771,1133,1141],"class_list":{"0":"post-4784","1":"product","2":"type-product","3":"status-publish","4":"has-post-thumbnail","6":"product_cat-mastics","7":"product_cat-mastics-acryliques","8":"product_cat-consommable","9":"product_tag-290-ml","10":"product_tag-gris","11":"product_tag-mastic-acrylique","12":"product_tag-repair-express-cement","14":"first","15":"instock","16":"taxable","17":"shipping-taxable","18":"purchasable","19":"product-type-simple"},"_links":{"self":[{"href":"http:\/\/s350233878.onlinehome.fr\/index.php\/wp-json\/wp\/v2\/product\/4784","targetHints":{"allow":["GET"]}}],"collection":[{"href":"http:\/\/s350233878.onlinehome.fr\/index.php\/wp-json\/wp\/v2\/product"}],"about":[{"href":"http:\/\/s350233878.onlinehome.fr\/index.php\/wp-json\/wp\/v2\/types\/product"}],"wp:featuredmedia":[{"embeddable":true,"href":"http:\/\/s350233878.onlinehome.fr\/index.php\/wp-json\/wp\/v2\/media\/4785"}],"wp:attachment":[{"href":"http:\/\/s350233878.onlinehome.fr\/index.php\/wp-json\/wp\/v2\/media?parent=4784"}],"wp:term":[{"taxonomy":"product_cat","embeddable":true,"href":"http:\/\/s350233878.onlinehome.fr\/index.php\/wp-json\/wp\/v2\/product_cat?post=4784"},{"taxonomy":"product_tag","embeddable":true,"href":"http:\/\/s350233878.onlinehome.fr\/index.php\/wp-json\/wp\/v2\/product_tag?post=4784"}],"curies":[{"name":"wp","href":"https:\/\/api.w.org\/{rel}","templated":true}]}}