{"id":4669,"date":"2024-01-03T16:31:12","date_gmt":"2024-01-03T15:31:12","guid":{"rendered":"https:\/\/vtbati.fr\/vtbati\/?post_type=product&#038;p=4669"},"modified":"2024-01-03T16:31:15","modified_gmt":"2024-01-03T15:31:15","slug":"locinox-ferme-portillon-interio-150-kg-noir-reversible","status":"publish","type":"product","link":"http:\/\/s350233878.onlinehome.fr\/index.php\/produit\/locinox-ferme-portillon-interio-150-kg-noir-reversible\/","title":{"rendered":"LOCINOX Ferme-portillon-INTERIO &#8211; 150 kg &#8211; noir &#8211; r\u00e9versible"},"content":{"rendered":"","protected":false},"excerpt":{"rendered":"<p>Ferme portail hydraulique r\u00e9glable, int\u00e9gr\u00e9 et r\u00e9versible pour portail de 150Kg et d&rsquo;une largeur de 1500mm<\/p>\n<div class=\"attribute product sku\"><span class=\"type\">R\u00e9f. PRO :<\/span>\u00a0<span class=\"value\" data-bind=\"text: selectedArticleSku\">67392949<\/span><\/div>\n<div class=\"attribute product ref\"><span class=\"type\">R\u00e9f. fab :<\/span>\u00a0<span class=\"value\" data-bind=\"text: getReferenceCode()\">INTERIO<\/span><\/div>\n","protected":false},"featured_media":4671,"template":"","meta":[],"product_cat":[1010,1011,16],"product_tag":[1095,1093,1094,939,580],"class_list":{"0":"post-4669","1":"product","2":"type-product","3":"status-publish","4":"has-post-thumbnail","6":"product_cat-quincaillerie-du-portail-du-volet-et-de-la-porte-de-garage","7":"product_cat-quincaillerie-du-portail-serrures-et-garnitures","8":"product_cat-quincaillerie","9":"product_tag-150-kg","10":"product_tag-ferme-portillon","11":"product_tag-interio","12":"product_tag-noir","13":"product_tag-reversible","15":"first","16":"instock","17":"taxable","18":"shipping-taxable","19":"purchasable","20":"product-type-simple"},"_links":{"self":[{"href":"http:\/\/s350233878.onlinehome.fr\/index.php\/wp-json\/wp\/v2\/product\/4669","targetHints":{"allow":["GET"]}}],"collection":[{"href":"http:\/\/s350233878.onlinehome.fr\/index.php\/wp-json\/wp\/v2\/product"}],"about":[{"href":"http:\/\/s350233878.onlinehome.fr\/index.php\/wp-json\/wp\/v2\/types\/product"}],"wp:featuredmedia":[{"embeddable":true,"href":"http:\/\/s350233878.onlinehome.fr\/index.php\/wp-json\/wp\/v2\/media\/4671"}],"wp:attachment":[{"href":"http:\/\/s350233878.onlinehome.fr\/index.php\/wp-json\/wp\/v2\/media?parent=4669"}],"wp:term":[{"taxonomy":"product_cat","embeddable":true,"href":"http:\/\/s350233878.onlinehome.fr\/index.php\/wp-json\/wp\/v2\/product_cat?post=4669"},{"taxonomy":"product_tag","embeddable":true,"href":"http:\/\/s350233878.onlinehome.fr\/index.php\/wp-json\/wp\/v2\/product_tag?post=4669"}],"curies":[{"name":"wp","href":"https:\/\/api.w.org\/{rel}","templated":true}]}}