{"id":4649,"date":"2024-01-03T15:44:34","date_gmt":"2024-01-03T14:44:34","guid":{"rendered":"https:\/\/vtbati.fr\/vtbati\/?post_type=product&#038;p=4649"},"modified":"2024-01-03T15:44:36","modified_gmt":"2024-01-03T14:44:36","slug":"came-clignotant-pour-automatisme-de-portail-kled24-24-v","status":"publish","type":"product","link":"http:\/\/s350233878.onlinehome.fr\/index.php\/produit\/came-clignotant-pour-automatisme-de-portail-kled24-24-v\/","title":{"rendered":"CAME &#8211; Clignotant pour automatisme de portail KLED24 &#8211; 24 V"},"content":{"rendered":"","protected":false},"excerpt":{"rendered":"<div>Feu clignotant CAME KLED24 \u00e0 led en 24V en ABS<br \/>\nPour ext\u00e9rieur avec degr\u00e9 de protection IP54.<br \/>\nIntermittence : 50%<br \/>\nTemp\u00e9rature de fonctionnement : de -20\u00b0C \u00e0 +55\u00b0C.<br \/>\nMont\u00e9 sur tourelle orientable avec raccord pour antenne.<br \/>\nPlatine KLED avec led \u00e0 commander s\u00e9par\u00e9ment.<\/div>\n<div><\/div>\n<div class=\"attribute product sku\"><span class=\"type\">R\u00e9f. PRO:<\/span>\u00a0<span class=\"value\" data-bind=\"text: selectedArticleSku\">55761922<\/span><\/div>\n<div class=\"attribute product ref\"><span class=\"type\">R\u00e9f. fab :<\/span>\u00a0<span class=\"value\" data-bind=\"text: getReferenceCode()\">KLED24<\/span><\/div>\n","protected":false},"featured_media":4651,"template":"","meta":[],"product_cat":[1010,1011,16],"product_tag":[1083,1081,1080,1082],"class_list":{"0":"post-4649","1":"product","2":"type-product","3":"status-publish","4":"has-post-thumbnail","6":"product_cat-quincaillerie-du-portail-du-volet-et-de-la-porte-de-garage","7":"product_cat-quincaillerie-du-portail-serrures-et-garnitures","8":"product_cat-quincaillerie","9":"product_tag-24-v","10":"product_tag-automatisme-de-portail","11":"product_tag-clignotant","12":"product_tag-kled24","14":"first","15":"instock","16":"taxable","17":"shipping-taxable","18":"purchasable","19":"product-type-simple"},"_links":{"self":[{"href":"http:\/\/s350233878.onlinehome.fr\/index.php\/wp-json\/wp\/v2\/product\/4649","targetHints":{"allow":["GET"]}}],"collection":[{"href":"http:\/\/s350233878.onlinehome.fr\/index.php\/wp-json\/wp\/v2\/product"}],"about":[{"href":"http:\/\/s350233878.onlinehome.fr\/index.php\/wp-json\/wp\/v2\/types\/product"}],"wp:featuredmedia":[{"embeddable":true,"href":"http:\/\/s350233878.onlinehome.fr\/index.php\/wp-json\/wp\/v2\/media\/4651"}],"wp:attachment":[{"href":"http:\/\/s350233878.onlinehome.fr\/index.php\/wp-json\/wp\/v2\/media?parent=4649"}],"wp:term":[{"taxonomy":"product_cat","embeddable":true,"href":"http:\/\/s350233878.onlinehome.fr\/index.php\/wp-json\/wp\/v2\/product_cat?post=4649"},{"taxonomy":"product_tag","embeddable":true,"href":"http:\/\/s350233878.onlinehome.fr\/index.php\/wp-json\/wp\/v2\/product_tag?post=4649"}],"curies":[{"name":"wp","href":"https:\/\/api.w.org\/{rel}","templated":true}]}}