{"id":4624,"date":"2024-01-03T14:55:28","date_gmt":"2024-01-03T13:55:28","guid":{"rendered":"https:\/\/vtbati.fr\/vtbati\/?post_type=product&#038;p=4624"},"modified":"2024-01-03T14:55:31","modified_gmt":"2024-01-03T13:55:31","slug":"xhander-guide-superieur-pour-portail-coulissant-a-visser-xhander-67_275-mm","status":"publish","type":"product","link":"http:\/\/s350233878.onlinehome.fr\/index.php\/produit\/xhander-guide-superieur-pour-portail-coulissant-a-visser-xhander-67_275-mm\/","title":{"rendered":"XHANDER &#8211; Guide sup\u00e9rieur pour portail coulissant \u00e0 visser XHANDER &#8211; 67_275 mm"},"content":{"rendered":"","protected":false},"excerpt":{"rendered":"<div>Guide sup\u00e9rieur r\u00e9glable \u00e0 visser.<br \/>\nLongueur\u00a0: 330 m, \u00e9quip\u00e9 de 2 guides.<\/div>\n<div><\/div>\n<div class=\"attribute product sku\"><span class=\"type\">R\u00e9f. PRO:<\/span>\u00a0<span class=\"value\" data-bind=\"text: selectedArticleSku\">68997992<\/span><\/div>\n<div class=\"attribute product ref\"><span class=\"type\">R\u00e9f. fab :<\/span>\u00a0<span class=\"value\" data-bind=\"text: getReferenceCode()\">XH-1053<\/span><\/div>\n","protected":false},"featured_media":4626,"template":"","meta":[],"product_cat":[1010,1011,16],"product_tag":[1067,646,1066,1038,559],"class_list":{"0":"post-4624","1":"product","2":"type-product","3":"status-publish","4":"has-post-thumbnail","6":"product_cat-quincaillerie-du-portail-du-volet-et-de-la-porte-de-garage","7":"product_cat-quincaillerie-du-portail-serrures-et-garnitures","8":"product_cat-quincaillerie","9":"product_tag-67_275-mm","10":"product_tag-a-visser","11":"product_tag-guide-superieur","12":"product_tag-portail-coulissant","13":"product_tag-xhander","15":"first","16":"instock","17":"taxable","18":"shipping-taxable","19":"purchasable","20":"product-type-simple"},"_links":{"self":[{"href":"http:\/\/s350233878.onlinehome.fr\/index.php\/wp-json\/wp\/v2\/product\/4624","targetHints":{"allow":["GET"]}}],"collection":[{"href":"http:\/\/s350233878.onlinehome.fr\/index.php\/wp-json\/wp\/v2\/product"}],"about":[{"href":"http:\/\/s350233878.onlinehome.fr\/index.php\/wp-json\/wp\/v2\/types\/product"}],"wp:featuredmedia":[{"embeddable":true,"href":"http:\/\/s350233878.onlinehome.fr\/index.php\/wp-json\/wp\/v2\/media\/4626"}],"wp:attachment":[{"href":"http:\/\/s350233878.onlinehome.fr\/index.php\/wp-json\/wp\/v2\/media?parent=4624"}],"wp:term":[{"taxonomy":"product_cat","embeddable":true,"href":"http:\/\/s350233878.onlinehome.fr\/index.php\/wp-json\/wp\/v2\/product_cat?post=4624"},{"taxonomy":"product_tag","embeddable":true,"href":"http:\/\/s350233878.onlinehome.fr\/index.php\/wp-json\/wp\/v2\/product_tag?post=4624"}],"curies":[{"name":"wp","href":"https:\/\/api.w.org\/{rel}","templated":true}]}}