{"id":4617,"date":"2024-01-03T14:35:15","date_gmt":"2024-01-03T13:35:15","guid":{"rendered":"https:\/\/vtbati.fr\/vtbati\/?post_type=product&#038;p=4617"},"modified":"2024-01-03T14:35:17","modified_gmt":"2024-01-03T13:35:17","slug":"butee-pour-portail-coulissant-a-visser-105-mm","status":"publish","type":"product","link":"http:\/\/s350233878.onlinehome.fr\/index.php\/produit\/butee-pour-portail-coulissant-a-visser-105-mm\/","title":{"rendered":"XHANDER &#8211; But\u00e9e pour portail coulissant \u00e0 visser &#8211; 105 mm"},"content":{"rendered":"","protected":false},"excerpt":{"rendered":"<div>But\u00e9e caoutchouc \u00d8 40 mm.<br \/>\nHauteur totale : 105 mm.<br \/>\nDimensions platine : 120 x 72 mm.<br \/>\nHauteur: 105 mm.<br \/>\nAcier zingu\u00e9.<\/div>\n<div><\/div>\n<div class=\"attribute product sku\"><span class=\"type\">R\u00e9f. PRO :<\/span>\u00a0<span class=\"value\" data-bind=\"text: selectedArticleSku\">68998050<\/span><\/div>\n<div class=\"attribute product ref\"><span class=\"type\">R\u00e9f. fab :<\/span>\u00a0<span class=\"value\" data-bind=\"text: getReferenceCode()\">XH-2099-1V<\/span><\/div>\n","protected":false},"featured_media":4619,"template":"","meta":[],"product_cat":[1010,1011,16],"product_tag":[1062,646,1027,1038],"class_list":{"0":"post-4617","1":"product","2":"type-product","3":"status-publish","4":"has-post-thumbnail","6":"product_cat-quincaillerie-du-portail-du-volet-et-de-la-porte-de-garage","7":"product_cat-quincaillerie-du-portail-serrures-et-garnitures","8":"product_cat-quincaillerie","9":"product_tag-105-mm","10":"product_tag-a-visser","11":"product_tag-butee","12":"product_tag-portail-coulissant","14":"first","15":"instock","16":"taxable","17":"shipping-taxable","18":"purchasable","19":"product-type-simple"},"_links":{"self":[{"href":"http:\/\/s350233878.onlinehome.fr\/index.php\/wp-json\/wp\/v2\/product\/4617","targetHints":{"allow":["GET"]}}],"collection":[{"href":"http:\/\/s350233878.onlinehome.fr\/index.php\/wp-json\/wp\/v2\/product"}],"about":[{"href":"http:\/\/s350233878.onlinehome.fr\/index.php\/wp-json\/wp\/v2\/types\/product"}],"wp:featuredmedia":[{"embeddable":true,"href":"http:\/\/s350233878.onlinehome.fr\/index.php\/wp-json\/wp\/v2\/media\/4619"}],"wp:attachment":[{"href":"http:\/\/s350233878.onlinehome.fr\/index.php\/wp-json\/wp\/v2\/media?parent=4617"}],"wp:term":[{"taxonomy":"product_cat","embeddable":true,"href":"http:\/\/s350233878.onlinehome.fr\/index.php\/wp-json\/wp\/v2\/product_cat?post=4617"},{"taxonomy":"product_tag","embeddable":true,"href":"http:\/\/s350233878.onlinehome.fr\/index.php\/wp-json\/wp\/v2\/product_tag?post=4617"}],"curies":[{"name":"wp","href":"https:\/\/api.w.org\/{rel}","templated":true}]}}