{"id":4605,"date":"2024-01-03T12:03:02","date_gmt":"2024-01-03T11:03:02","guid":{"rendered":"https:\/\/vtbati.fr\/vtbati\/?post_type=product&#038;p=4605"},"modified":"2024-01-03T12:03:04","modified_gmt":"2024-01-03T11:03:04","slug":"galet-sur-support-interieur-a-gorge-ronde-pour-portail","status":"publish","type":"product","link":"http:\/\/s350233878.onlinehome.fr\/index.php\/produit\/galet-sur-support-interieur-a-gorge-ronde-pour-portail\/","title":{"rendered":"XHANDER &#8211; Galet sur support int\u00e9rieur \u00e0 gorge ronde pour portail"},"content":{"rendered":"","protected":false},"excerpt":{"rendered":"<div>En acier zingu\u00e9 blanc \u00e9quip\u00e9 d\u2019un roulement \u00e0 billes renforc\u00e9.<br \/>\nGarde au sol r\u00e9duite.<br \/>\nEncastrable dans un tube de 40 mm.<\/div>\n<div><\/div>\n<div class=\"attribute product code-p\"><span class=\"type\">Code P :<\/span>\u00a0<span class=\"value\">P79FKE8<\/span><\/div>\n<div class=\"attribute product sku\"><span class=\"type\">R\u00e9f PRO :<\/span>\u00a0<span class=\"value\" data-bind=\"text: selectedArticleSku\">68997917<\/span><\/div>\n<div class=\"attribute product ref\"><span class=\"type\">R\u00e9f. fab :<\/span>\u00a0<span class=\"value\" data-bind=\"text: getReferenceCode()\">XH-81R16I<\/span><\/div>\n","protected":false},"featured_media":4607,"template":"","meta":[],"product_cat":[1010,1011,16],"product_tag":[1056,1054,1057,1055],"class_list":{"0":"post-4605","1":"product","2":"type-product","3":"status-publish","4":"has-post-thumbnail","6":"product_cat-quincaillerie-du-portail-du-volet-et-de-la-porte-de-garage","7":"product_cat-quincaillerie-du-portail-serrures-et-garnitures","8":"product_cat-quincaillerie","9":"product_tag-a-gorge-ronde","10":"product_tag-galet","11":"product_tag-pour-portail","12":"product_tag-support-interieur","14":"first","15":"instock","16":"taxable","17":"shipping-taxable","18":"purchasable","19":"product-type-simple"},"_links":{"self":[{"href":"http:\/\/s350233878.onlinehome.fr\/index.php\/wp-json\/wp\/v2\/product\/4605","targetHints":{"allow":["GET"]}}],"collection":[{"href":"http:\/\/s350233878.onlinehome.fr\/index.php\/wp-json\/wp\/v2\/product"}],"about":[{"href":"http:\/\/s350233878.onlinehome.fr\/index.php\/wp-json\/wp\/v2\/types\/product"}],"wp:featuredmedia":[{"embeddable":true,"href":"http:\/\/s350233878.onlinehome.fr\/index.php\/wp-json\/wp\/v2\/media\/4607"}],"wp:attachment":[{"href":"http:\/\/s350233878.onlinehome.fr\/index.php\/wp-json\/wp\/v2\/media?parent=4605"}],"wp:term":[{"taxonomy":"product_cat","embeddable":true,"href":"http:\/\/s350233878.onlinehome.fr\/index.php\/wp-json\/wp\/v2\/product_cat?post=4605"},{"taxonomy":"product_tag","embeddable":true,"href":"http:\/\/s350233878.onlinehome.fr\/index.php\/wp-json\/wp\/v2\/product_tag?post=4605"}],"curies":[{"name":"wp","href":"https:\/\/api.w.org\/{rel}","templated":true}]}}