{"id":4588,"date":"2024-01-03T11:26:21","date_gmt":"2024-01-03T10:26:21","guid":{"rendered":"https:\/\/vtbati.fr\/vtbati\/?post_type=product&#038;p=4588"},"modified":"2024-01-03T11:26:23","modified_gmt":"2024-01-03T10:26:23","slug":"serrure-de-portail-6-gorges-pene-dormant-demi-tour-7-mm","status":"publish","type":"product","link":"http:\/\/s350233878.onlinehome.fr\/index.php\/produit\/serrure-de-portail-6-gorges-pene-dormant-demi-tour-7-mm\/","title":{"rendered":"XHANDER &#8211; Serrure de portail 6 GORGES PENE DORMANT DEMI-TOUR 7 MM"},"content":{"rendered":"","protected":false},"excerpt":{"rendered":"<div>\n<p>Coffre et g\u00e2che en acier cambr\u00e9 \u00e9poxy noir.<br \/>\nP\u00eane et demi-tour en acier zingu\u00e9 en saillie de 3 mm.<br \/>\nEntr\u00e9e de cl\u00e9 laiton.<br \/>\nM\u00e9canisme \u00e0 6 gorges et 2 tours.<br \/>\nRappel du demi-tour par la cl\u00e9.<br \/>\nCanon longueur 40 mm.<br \/>\nCarr\u00e9 de 7 mm.<\/p>\n<p>Livr\u00e9e avec 2 cl\u00e9s \u00e0 gorge.<\/p>\n<\/div>\n<div><\/div>\n<div class=\"attribute product code-p\"><span class=\"type\">Code P :<\/span>\u00a0<span class=\"value\">P790EDX<\/span><\/div>\n<div class=\"attribute product sku\"><span class=\"type\">R\u00e9f. PRO:<\/span>\u00a0<span class=\"value\" data-bind=\"text: selectedArticleSku\">59034316<\/span><\/div>\n<div class=\"attribute product ref\"><span class=\"type\">R\u00e9f. fab :<\/span>\u00a0<span class=\"value\" data-bind=\"text: getReferenceCode()\">087127<\/span><\/div>\n","protected":false},"featured_media":4590,"template":"","meta":[],"product_cat":[1010,1011,16],"product_tag":[1045,1047,1046,1044],"class_list":{"0":"post-4588","1":"product","2":"type-product","3":"status-publish","4":"has-post-thumbnail","6":"product_cat-quincaillerie-du-portail-du-volet-et-de-la-porte-de-garage","7":"product_cat-quincaillerie-du-portail-serrures-et-garnitures","8":"product_cat-quincaillerie","9":"product_tag-6-gorges","10":"product_tag-demi-tour-7-mm","11":"product_tag-pene-dormant","12":"product_tag-serrure-de-portail","14":"first","15":"instock","16":"taxable","17":"shipping-taxable","18":"purchasable","19":"product-type-simple"},"_links":{"self":[{"href":"http:\/\/s350233878.onlinehome.fr\/index.php\/wp-json\/wp\/v2\/product\/4588","targetHints":{"allow":["GET"]}}],"collection":[{"href":"http:\/\/s350233878.onlinehome.fr\/index.php\/wp-json\/wp\/v2\/product"}],"about":[{"href":"http:\/\/s350233878.onlinehome.fr\/index.php\/wp-json\/wp\/v2\/types\/product"}],"wp:featuredmedia":[{"embeddable":true,"href":"http:\/\/s350233878.onlinehome.fr\/index.php\/wp-json\/wp\/v2\/media\/4590"}],"wp:attachment":[{"href":"http:\/\/s350233878.onlinehome.fr\/index.php\/wp-json\/wp\/v2\/media?parent=4588"}],"wp:term":[{"taxonomy":"product_cat","embeddable":true,"href":"http:\/\/s350233878.onlinehome.fr\/index.php\/wp-json\/wp\/v2\/product_cat?post=4588"},{"taxonomy":"product_tag","embeddable":true,"href":"http:\/\/s350233878.onlinehome.fr\/index.php\/wp-json\/wp\/v2\/product_tag?post=4588"}],"curies":[{"name":"wp","href":"https:\/\/api.w.org\/{rel}","templated":true}]}}