{"id":4580,"date":"2024-01-03T10:44:39","date_gmt":"2024-01-03T09:44:39","guid":{"rendered":"https:\/\/vtbati.fr\/vtbati\/?post_type=product&#038;p=4580"},"modified":"2024-01-03T10:44:41","modified_gmt":"2024-01-03T09:44:41","slug":"rail-pour-portail-coulissant-a-visser-289p-gorge-ronde-de-16-3-m","status":"publish","type":"product","link":"http:\/\/s350233878.onlinehome.fr\/index.php\/produit\/rail-pour-portail-coulissant-a-visser-289p-gorge-ronde-de-16-3-m\/","title":{"rendered":"FRATELLI COMUNELLO &#8211; Rail pour portail coulissant \u00e0 visser 289P &#8211; gorge ronde de 16 &#8211; 3 m"},"content":{"rendered":"","protected":false},"excerpt":{"rendered":"<div>Ce\u00a0<strong>rail profil\u00e9<\/strong>\u00a0\u00e0 fixer est sp\u00e9cialement con\u00e7u pour les galets \u00e0 gorge demi-ronde.<\/div>\n<div><\/div>\n<div class=\"attribute product sku\"><span class=\"type\">R\u00e9f. PRO :<\/span>\u00a0<span class=\"value\" data-bind=\"text: selectedArticleSku\">30586018<\/span><\/div>\n<div class=\"attribute product ref\"><span class=\"type\">R\u00e9f. fab :<\/span>\u00a0<span class=\"value\" data-bind=\"text: getReferenceCode()\">289P 10201501 001<\/span><\/div>\n","protected":false},"featured_media":4582,"template":"","meta":[],"product_cat":[1010,1011,16],"product_tag":[1039,663,646,1040,1038,1037],"class_list":{"0":"post-4580","1":"product","2":"type-product","3":"status-publish","4":"has-post-thumbnail","6":"product_cat-quincaillerie-du-portail-du-volet-et-de-la-porte-de-garage","7":"product_cat-quincaillerie-du-portail-serrures-et-garnitures","8":"product_cat-quincaillerie","9":"product_tag-289p","10":"product_tag-3-m","11":"product_tag-a-visser","12":"product_tag-gorge-ronde-de-16","13":"product_tag-portail-coulissant","14":"product_tag-rail","16":"first","17":"instock","18":"taxable","19":"shipping-taxable","20":"purchasable","21":"product-type-simple"},"_links":{"self":[{"href":"http:\/\/s350233878.onlinehome.fr\/index.php\/wp-json\/wp\/v2\/product\/4580","targetHints":{"allow":["GET"]}}],"collection":[{"href":"http:\/\/s350233878.onlinehome.fr\/index.php\/wp-json\/wp\/v2\/product"}],"about":[{"href":"http:\/\/s350233878.onlinehome.fr\/index.php\/wp-json\/wp\/v2\/types\/product"}],"wp:featuredmedia":[{"embeddable":true,"href":"http:\/\/s350233878.onlinehome.fr\/index.php\/wp-json\/wp\/v2\/media\/4582"}],"wp:attachment":[{"href":"http:\/\/s350233878.onlinehome.fr\/index.php\/wp-json\/wp\/v2\/media?parent=4580"}],"wp:term":[{"taxonomy":"product_cat","embeddable":true,"href":"http:\/\/s350233878.onlinehome.fr\/index.php\/wp-json\/wp\/v2\/product_cat?post=4580"},{"taxonomy":"product_tag","embeddable":true,"href":"http:\/\/s350233878.onlinehome.fr\/index.php\/wp-json\/wp\/v2\/product_tag?post=4580"}],"curies":[{"name":"wp","href":"https:\/\/api.w.org\/{rel}","templated":true}]}}