{"id":4575,"date":"2024-01-03T10:40:27","date_gmt":"2024-01-03T09:40:27","guid":{"rendered":"https:\/\/vtbati.fr\/vtbati\/?post_type=product&#038;p=4575"},"modified":"2024-01-03T10:40:31","modified_gmt":"2024-01-03T09:40:31","slug":"gache-encastree-pour-serrure-fortylock-de-portail","status":"publish","type":"product","link":"http:\/\/s350233878.onlinehome.fr\/index.php\/produit\/gache-encastree-pour-serrure-fortylock-de-portail\/","title":{"rendered":"LOCINOX &#8211; G\u00e2che encastr\u00e9e pour serrure FORTYLOCK de portail SFKI QF \u00e0 profil carr\u00e9 40 mm &#8211; inox"},"content":{"rendered":"","protected":false},"excerpt":{"rendered":"<div>G\u00e2che \u00e0 encastrer pour portillons en m\u00e9tal, aluminium et PVC. \u00c0 combiner avec la serrure FortyLock. La fixation Quick-Fix assure un montage rapide et robuste. Le syst\u00e8me d&rsquo;ancrage en acier inoxydable \u00e9vite l&rsquo;\u00e9cartement des vantaux.<\/div>\n<div><\/div>\n<div class=\"attribute product sku\"><span class=\"type\">R\u00e9f. PRO :<\/span>\u00a0<span class=\"value\" data-bind=\"text: selectedArticleSku\">60849536<\/span><\/div>\n<div class=\"attribute product ref\"><span class=\"type\">R\u00e9f. fab :<\/span>\u00a0<span class=\"value\" data-bind=\"text: getReferenceCode()\">SFKI QF40<\/span><\/div>\n","protected":false},"featured_media":4577,"template":"","meta":[],"product_cat":[1010,1011,16],"product_tag":[1036,1033,685,1035,1034],"class_list":{"0":"post-4575","1":"product","2":"type-product","3":"status-publish","4":"has-post-thumbnail","6":"product_cat-quincaillerie-du-portail-du-volet-et-de-la-porte-de-garage","7":"product_cat-quincaillerie-du-portail-serrures-et-garnitures","8":"product_cat-quincaillerie","9":"product_tag-a-profil-carre-40-mm","10":"product_tag-gache-encastree","11":"product_tag-inox","12":"product_tag-portail-sfki-qf","13":"product_tag-serrure-fortylock","15":"first","16":"instock","17":"taxable","18":"shipping-taxable","19":"purchasable","20":"product-type-simple"},"_links":{"self":[{"href":"http:\/\/s350233878.onlinehome.fr\/index.php\/wp-json\/wp\/v2\/product\/4575","targetHints":{"allow":["GET"]}}],"collection":[{"href":"http:\/\/s350233878.onlinehome.fr\/index.php\/wp-json\/wp\/v2\/product"}],"about":[{"href":"http:\/\/s350233878.onlinehome.fr\/index.php\/wp-json\/wp\/v2\/types\/product"}],"wp:featuredmedia":[{"embeddable":true,"href":"http:\/\/s350233878.onlinehome.fr\/index.php\/wp-json\/wp\/v2\/media\/4577"}],"wp:attachment":[{"href":"http:\/\/s350233878.onlinehome.fr\/index.php\/wp-json\/wp\/v2\/media?parent=4575"}],"wp:term":[{"taxonomy":"product_cat","embeddable":true,"href":"http:\/\/s350233878.onlinehome.fr\/index.php\/wp-json\/wp\/v2\/product_cat?post=4575"},{"taxonomy":"product_tag","embeddable":true,"href":"http:\/\/s350233878.onlinehome.fr\/index.php\/wp-json\/wp\/v2\/product_tag?post=4575"}],"curies":[{"name":"wp","href":"https:\/\/api.w.org\/{rel}","templated":true}]}}