{"id":4571,"date":"2024-01-03T10:35:28","date_gmt":"2024-01-03T09:35:28","guid":{"rendered":"https:\/\/vtbati.fr\/vtbati\/?post_type=product&#038;p=4571"},"modified":"2024-01-03T10:35:31","modified_gmt":"2024-01-03T09:35:31","slug":"torbel-industrie-arret-de-portail-a-bascule-a-sceller-30-a-70-mm","status":"publish","type":"product","link":"http:\/\/s350233878.onlinehome.fr\/index.php\/produit\/torbel-industrie-arret-de-portail-a-bascule-a-sceller-30-a-70-mm\/","title":{"rendered":"TORBEL INDUSTRIE &#8211; Arr\u00eat de portail \u00e0 bascule \u00e0 sceller &#8211; 30 \u00e0 70 mm"},"content":{"rendered":"","protected":false},"excerpt":{"rendered":"<div>Arret de portail \u00e0 sceller.<br \/>\nEpaisseur vantail r\u00e9glable de 30 \u00e0 70 mm.<br \/>\nHauteur 250 mm.<br \/>\nSabot composite.<\/div>\n<div><\/div>\n<div class=\"attribute product sku\"><span class=\"type\">R\u00e9f. PRO :<\/span>\u00a0<span class=\"value\" data-bind=\"text: selectedArticleSku\">30136489<\/span><\/div>\n<div class=\"attribute product ref\"><span class=\"type\">R\u00e9f. fab :<\/span>\u00a0<span class=\"value\" data-bind=\"text: getReferenceCode()\">9207306<\/span><\/div>\n","protected":false},"featured_media":4573,"template":"","meta":[],"product_cat":[1010,1011,16],"product_tag":[1032,1030,1031],"class_list":{"0":"post-4571","1":"product","2":"type-product","3":"status-publish","4":"has-post-thumbnail","6":"product_cat-quincaillerie-du-portail-du-volet-et-de-la-porte-de-garage","7":"product_cat-quincaillerie-du-portail-serrures-et-garnitures","8":"product_cat-quincaillerie","9":"product_tag-30-a-70-mm","10":"product_tag-arret-de-portail","11":"product_tag-bascule-a-sceller","13":"first","14":"instock","15":"taxable","16":"shipping-taxable","17":"purchasable","18":"product-type-simple"},"_links":{"self":[{"href":"http:\/\/s350233878.onlinehome.fr\/index.php\/wp-json\/wp\/v2\/product\/4571","targetHints":{"allow":["GET"]}}],"collection":[{"href":"http:\/\/s350233878.onlinehome.fr\/index.php\/wp-json\/wp\/v2\/product"}],"about":[{"href":"http:\/\/s350233878.onlinehome.fr\/index.php\/wp-json\/wp\/v2\/types\/product"}],"wp:featuredmedia":[{"embeddable":true,"href":"http:\/\/s350233878.onlinehome.fr\/index.php\/wp-json\/wp\/v2\/media\/4573"}],"wp:attachment":[{"href":"http:\/\/s350233878.onlinehome.fr\/index.php\/wp-json\/wp\/v2\/media?parent=4571"}],"wp:term":[{"taxonomy":"product_cat","embeddable":true,"href":"http:\/\/s350233878.onlinehome.fr\/index.php\/wp-json\/wp\/v2\/product_cat?post=4571"},{"taxonomy":"product_tag","embeddable":true,"href":"http:\/\/s350233878.onlinehome.fr\/index.php\/wp-json\/wp\/v2\/product_tag?post=4571"}],"curies":[{"name":"wp","href":"https:\/\/api.w.org\/{rel}","templated":true}]}}