{"id":4551,"date":"2024-01-03T09:32:20","date_gmt":"2024-01-03T08:32:20","guid":{"rendered":"https:\/\/vtbati.fr\/vtbati\/?post_type=product&#038;p=4551"},"modified":"2024-01-03T09:34:52","modified_gmt":"2024-01-03T08:34:52","slug":"mantion-monture-pour-portail-en-porte-a-faux-9978paf-8-galets-9070","status":"publish","type":"product","link":"http:\/\/s350233878.onlinehome.fr\/index.php\/produit\/mantion-monture-pour-portail-en-porte-a-faux-9978paf-8-galets-9070\/","title":{"rendered":"MANTION &#8211; Monture pour portail en porte \u00e0 faux 9978PAF 8 galets &#8211; 9070"},"content":{"rendered":"","protected":false},"excerpt":{"rendered":"<p>Monture acier, 8 galets acier mont\u00e9s sur roulement \u00e0 billes &#8211; Monture avec galets de guidage &#8211; Rail associ\u00e9\u00a0: 9070<\/p>\n<div class=\"attribute product sku\"><span class=\"type\">R\u00e9f. PRO :<\/span>\u00a0<span class=\"value\" data-bind=\"text: selectedArticleSku\">17380273<\/span><\/div>\n<div class=\"attribute product ref\"><span class=\"type\">R\u00e9f. fab:<\/span>\u00a0<span class=\"value\" data-bind=\"text: getReferenceCode()\">9978PAF<\/span><\/div>\n<div>\/\u00a0<span data-bind=\"text: productConditioning\">2 p.<\/span><\/div>\n<div><\/div>\n","protected":false},"featured_media":4553,"template":"","meta":[],"product_cat":[160,1010,1011,16],"product_tag":[1016,1017,1015,1013,1014],"class_list":{"0":"post-4551","1":"product","2":"type-product","3":"status-publish","4":"has-post-thumbnail","6":"product_cat-outils-electriques-portatifs","7":"product_cat-quincaillerie-du-portail-du-volet-et-de-la-porte-de-garage","8":"product_cat-quincaillerie-du-portail-serrures-et-garnitures","9":"product_cat-quincaillerie","10":"product_tag-8-galets","11":"product_tag-1017","12":"product_tag-9978paf","13":"product_tag-monture-pour-portail","14":"product_tag-porte-a-faux","16":"first","17":"instock","18":"taxable","19":"shipping-taxable","20":"purchasable","21":"product-type-simple"},"_links":{"self":[{"href":"http:\/\/s350233878.onlinehome.fr\/index.php\/wp-json\/wp\/v2\/product\/4551","targetHints":{"allow":["GET"]}}],"collection":[{"href":"http:\/\/s350233878.onlinehome.fr\/index.php\/wp-json\/wp\/v2\/product"}],"about":[{"href":"http:\/\/s350233878.onlinehome.fr\/index.php\/wp-json\/wp\/v2\/types\/product"}],"wp:featuredmedia":[{"embeddable":true,"href":"http:\/\/s350233878.onlinehome.fr\/index.php\/wp-json\/wp\/v2\/media\/4553"}],"wp:attachment":[{"href":"http:\/\/s350233878.onlinehome.fr\/index.php\/wp-json\/wp\/v2\/media?parent=4551"}],"wp:term":[{"taxonomy":"product_cat","embeddable":true,"href":"http:\/\/s350233878.onlinehome.fr\/index.php\/wp-json\/wp\/v2\/product_cat?post=4551"},{"taxonomy":"product_tag","embeddable":true,"href":"http:\/\/s350233878.onlinehome.fr\/index.php\/wp-json\/wp\/v2\/product_tag?post=4551"}],"curies":[{"name":"wp","href":"https:\/\/api.w.org\/{rel}","templated":true}]}}