{"id":4543,"date":"2024-01-03T09:04:39","date_gmt":"2024-01-03T08:04:39","guid":{"rendered":"https:\/\/vtbati.fr\/vtbati\/?post_type=product&#038;p=4543"},"modified":"2024-01-03T09:04:41","modified_gmt":"2024-01-03T08:04:41","slug":"gabarit-pvc-de-pose-pour-fiche-ma701j","status":"publish","type":"product","link":"http:\/\/s350233878.onlinehome.fr\/index.php\/produit\/gabarit-pvc-de-pose-pour-fiche-ma701j\/","title":{"rendered":"OTLAV &#8211; Gabarit PVC de pose pour fiche MA701J &#8211; EXACTA \u00d814, \u00d816 et 488 \u00d816"},"content":{"rendered":"","protected":false},"excerpt":{"rendered":"<div>Bo\u00eete gabarits en pvc \u00e0 recouvrement avec accessoires<\/div>\n<div><\/div>\n<div class=\"attribute product sku\"><span class=\"type\">R\u00e9f. PRO :<\/span>\u00a0<span class=\"value\" data-bind=\"text: selectedArticleSku\">30696212<\/span><\/div>\n<div class=\"attribute product ref\"><span class=\"type\">R\u00e9f. fab:<\/span>\u00a0<span class=\"value\" data-bind=\"text: getReferenceCode()\">MA701160G035<\/span><\/div>\n","protected":false},"featured_media":4545,"template":"","meta":[],"product_cat":[823,830,16],"product_tag":[1006,1003,1002,1000,1004,1005,1001],"class_list":{"0":"post-4543","1":"product","2":"type-product","3":"status-publish","4":"has-post-thumbnail","6":"product_cat-ferrures-de-portes-et-fenetres","7":"product_cat-fiches","8":"product_cat-quincaillerie","9":"product_tag-1006","10":"product_tag-exacta","11":"product_tag-fiche-ma701j","12":"product_tag-gabarit-pvc","13":"product_tag-o14","14":"product_tag-o16","15":"product_tag-pose","17":"first","18":"instock","19":"taxable","20":"shipping-taxable","21":"purchasable","22":"product-type-simple"},"_links":{"self":[{"href":"http:\/\/s350233878.onlinehome.fr\/index.php\/wp-json\/wp\/v2\/product\/4543","targetHints":{"allow":["GET"]}}],"collection":[{"href":"http:\/\/s350233878.onlinehome.fr\/index.php\/wp-json\/wp\/v2\/product"}],"about":[{"href":"http:\/\/s350233878.onlinehome.fr\/index.php\/wp-json\/wp\/v2\/types\/product"}],"wp:featuredmedia":[{"embeddable":true,"href":"http:\/\/s350233878.onlinehome.fr\/index.php\/wp-json\/wp\/v2\/media\/4545"}],"wp:attachment":[{"href":"http:\/\/s350233878.onlinehome.fr\/index.php\/wp-json\/wp\/v2\/media?parent=4543"}],"wp:term":[{"taxonomy":"product_cat","embeddable":true,"href":"http:\/\/s350233878.onlinehome.fr\/index.php\/wp-json\/wp\/v2\/product_cat?post=4543"},{"taxonomy":"product_tag","embeddable":true,"href":"http:\/\/s350233878.onlinehome.fr\/index.php\/wp-json\/wp\/v2\/product_tag?post=4543"}],"curies":[{"name":"wp","href":"https:\/\/api.w.org\/{rel}","templated":true}]}}