{"id":4528,"date":"2024-01-03T08:45:59","date_gmt":"2024-01-03T07:45:59","guid":{"rendered":"https:\/\/vtbati.fr\/vtbati\/?post_type=product&#038;p=4528"},"modified":"2024-01-03T08:46:03","modified_gmt":"2024-01-03T07:46:03","slug":"fiche-femelle-pour-menuiserie-bois-exacta-reglable-diametre-16-mm-dimensions-45-x-78-mm-zingue","status":"publish","type":"product","link":"http:\/\/s350233878.onlinehome.fr\/index.php\/produit\/fiche-femelle-pour-menuiserie-bois-exacta-reglable-diametre-16-mm-dimensions-45-x-78-mm-zingue\/","title":{"rendered":"OTLAV &#8211; Fiche femelle pour menuiserie bois EXACTA r\u00e9glable &#8211; Diam\u00e8tre : 16 mm &#8211; Dimensions : 45 x 7,8 mm &#8211; zingu\u00e9"},"content":{"rendered":"","protected":false},"excerpt":{"rendered":"<div>Fiche en deux parties : femelle et m\u00e2le.<br \/>\nHauteur r\u00e9glable.<\/div>\n<div><\/div>\n<div class=\"attribute product sku\"><span class=\"type\">R\u00e9f. PRO :<\/span>\u00a0<span class=\"value\" data-bind=\"text: selectedArticleSku\">30696786<\/span><\/div>\n<div class=\"attribute product ref\"><span class=\"type\">R\u00e9f. fab :<\/span>\u00a0<span class=\"value\" data-bind=\"text: getReferenceCode()\">CF495160H502<\/span><\/div>\n","protected":false},"featured_media":4530,"template":"","meta":[],"product_cat":[823,830,16],"product_tag":[985,987,988,982,986,566,586],"class_list":{"0":"post-4528","1":"product","2":"type-product","3":"status-publish","4":"has-post-thumbnail","6":"product_cat-ferrures-de-portes-et-fenetres","7":"product_cat-fiches","8":"product_cat-quincaillerie","9":"product_tag-8-mm","10":"product_tag-diametre-16-mm","11":"product_tag-dimensions-45-x-7","12":"product_tag-exacta-reglable","13":"product_tag-fiche-femelle","14":"product_tag-menuiserie-bois","15":"product_tag-zingue","17":"first","18":"instock","19":"taxable","20":"shipping-taxable","21":"purchasable","22":"product-type-simple"},"_links":{"self":[{"href":"http:\/\/s350233878.onlinehome.fr\/index.php\/wp-json\/wp\/v2\/product\/4528","targetHints":{"allow":["GET"]}}],"collection":[{"href":"http:\/\/s350233878.onlinehome.fr\/index.php\/wp-json\/wp\/v2\/product"}],"about":[{"href":"http:\/\/s350233878.onlinehome.fr\/index.php\/wp-json\/wp\/v2\/types\/product"}],"wp:featuredmedia":[{"embeddable":true,"href":"http:\/\/s350233878.onlinehome.fr\/index.php\/wp-json\/wp\/v2\/media\/4530"}],"wp:attachment":[{"href":"http:\/\/s350233878.onlinehome.fr\/index.php\/wp-json\/wp\/v2\/media?parent=4528"}],"wp:term":[{"taxonomy":"product_cat","embeddable":true,"href":"http:\/\/s350233878.onlinehome.fr\/index.php\/wp-json\/wp\/v2\/product_cat?post=4528"},{"taxonomy":"product_tag","embeddable":true,"href":"http:\/\/s350233878.onlinehome.fr\/index.php\/wp-json\/wp\/v2\/product_tag?post=4528"}],"curies":[{"name":"wp","href":"https:\/\/api.w.org\/{rel}","templated":true}]}}