{"id":4511,"date":"2023-12-22T11:29:52","date_gmt":"2023-12-22T10:29:52","guid":{"rendered":"https:\/\/vtbati.fr\/vtbati\/?post_type=product&#038;p=4511"},"modified":"2024-01-03T08:20:18","modified_gmt":"2024-01-03T07:20:18","slug":"torbel-industrie-coffret-de-bagues-pour-paumelle-malbag-menuiserie-bois","status":"publish","type":"product","link":"http:\/\/s350233878.onlinehome.fr\/index.php\/produit\/torbel-industrie-coffret-de-bagues-pour-paumelle-malbag-menuiserie-bois\/","title":{"rendered":"TORBEL INDUSTRIE &#8211; Coffret de bagues pour paumelle MALBAG menuiserie bois"},"content":{"rendered":"","protected":false},"excerpt":{"rendered":"<div>Mallette de bagues pour menuiserie bois \u00e0 diff\u00e9rents diam\u00e8tres int\u00e9rieurs et ext\u00e9rieurs<br \/>\nDiam\u00e8tre int\u00e9rieur : \u00d86 min &#8211; \u00d810 max<br \/>\nDiam\u00e8tre ext\u00e9rieur : \u00d811 min &#8211; \u00d822 max<br \/>\nEpaisseur : 1,5 mm min &#8211; 4 mm max<\/div>\n<div><\/div>\n<div class=\"attribute product sku\"><span class=\"type\">R\u00e9f. PRO :<\/span>\u00a0<span class=\"value\" data-bind=\"text: selectedArticleSku\">22849719<\/span><\/div>\n<div class=\"attribute product ref\"><span class=\"type\">R\u00e9f. fab :<\/span>\u00a0<span class=\"value\" data-bind=\"text: getReferenceCode()\">BMALBOIS<\/span><\/div>\n","protected":false},"featured_media":4513,"template":"","meta":[],"product_cat":[823,829,16],"product_tag":[975,566,976],"class_list":{"0":"post-4511","1":"product","2":"type-product","3":"status-publish","4":"has-post-thumbnail","6":"product_cat-ferrures-de-portes-et-fenetres","7":"product_cat-paumelles","8":"product_cat-quincaillerie","9":"product_tag-coffret-de-bagues","10":"product_tag-menuiserie-bois","11":"product_tag-paumelle-malbag","13":"first","14":"instock","15":"taxable","16":"shipping-taxable","17":"purchasable","18":"product-type-simple"},"_links":{"self":[{"href":"http:\/\/s350233878.onlinehome.fr\/index.php\/wp-json\/wp\/v2\/product\/4511","targetHints":{"allow":["GET"]}}],"collection":[{"href":"http:\/\/s350233878.onlinehome.fr\/index.php\/wp-json\/wp\/v2\/product"}],"about":[{"href":"http:\/\/s350233878.onlinehome.fr\/index.php\/wp-json\/wp\/v2\/types\/product"}],"wp:featuredmedia":[{"embeddable":true,"href":"http:\/\/s350233878.onlinehome.fr\/index.php\/wp-json\/wp\/v2\/media\/4513"}],"wp:attachment":[{"href":"http:\/\/s350233878.onlinehome.fr\/index.php\/wp-json\/wp\/v2\/media?parent=4511"}],"wp:term":[{"taxonomy":"product_cat","embeddable":true,"href":"http:\/\/s350233878.onlinehome.fr\/index.php\/wp-json\/wp\/v2\/product_cat?post=4511"},{"taxonomy":"product_tag","embeddable":true,"href":"http:\/\/s350233878.onlinehome.fr\/index.php\/wp-json\/wp\/v2\/product_tag?post=4511"}],"curies":[{"name":"wp","href":"https:\/\/api.w.org\/{rel}","templated":true}]}}