{"id":4499,"date":"2023-12-22T11:17:41","date_gmt":"2023-12-22T10:17:41","guid":{"rendered":"https:\/\/vtbati.fr\/vtbati\/?post_type=product&#038;p=4499"},"modified":"2023-12-22T11:17:44","modified_gmt":"2023-12-22T10:17:44","slug":"simonswerk-charniere-invisible-tectus-te340","status":"publish","type":"product","link":"http:\/\/s350233878.onlinehome.fr\/index.php\/produit\/simonswerk-charniere-invisible-tectus-te340\/","title":{"rendered":"SIMONSWERK &#8211; Charni\u00e8re invisible TECTUS TE340"},"content":{"rendered":"","protected":false},"excerpt":{"rendered":"<div>Paumelle TE 340 3D.<br \/>\nPour portes pour locaux professionnels et portes d&rsquo;int\u00e9rieur<br \/>\naffleurantes.<br \/>\nSyst\u00e8me de paumelle compl\u00e8tement invisible.<br \/>\nPour huisseries en bois, en acier et en aluminium.<br \/>\nPour portes pour locaux professionnels et portes d&rsquo;int\u00e9rieur affleurantes.<br \/>\nTechnique de paliers lisses sans entretien.<br \/>\n3D r\u00e9glable confortable (largeur +\/- 3,0 mm, hauteur +\/- 3,0 mm, profondeur +\/- 1,0 mm).<br \/>\nCarters de paumelle ferm\u00e9s sur les c\u00f4t\u00e9s pour une esth\u00e9tique uniforme du fraisage.<br \/>\nDomaine d\u00b4utilisation :protection contre le feu, protection contre la fum\u00e9e, protection anti-effraction.<\/div>\n<div><\/div>\n<div class=\"attribute product code-p\"><span class=\"type\">Code P :<\/span>\u00a0<span class=\"value\">P790GD6<\/span><\/div>\n<div class=\"attribute product sku\"><span class=\"type\">R\u00e9f. PRO :<\/span>\u00a0<span class=\"value\" data-bind=\"text: selectedArticleSku\">61992340<\/span><\/div>\n<div class=\"attribute product ref\"><span class=\"type\">R\u00e9f. fab :<\/span>\u00a0<span class=\"value\" data-bind=\"text: getReferenceCode()\">5 400605 0 12402<\/span><\/div>\n","protected":false},"featured_media":4501,"template":"","meta":[],"product_cat":[823,829,16],"product_tag":[967,969,968],"class_list":{"0":"post-4499","1":"product","2":"type-product","3":"status-publish","4":"has-post-thumbnail","6":"product_cat-ferrures-de-portes-et-fenetres","7":"product_cat-paumelles","8":"product_cat-quincaillerie","9":"product_tag-charniere-invisible","10":"product_tag-te340","11":"product_tag-tectus","13":"first","14":"instock","15":"taxable","16":"shipping-taxable","17":"purchasable","18":"product-type-simple"},"_links":{"self":[{"href":"http:\/\/s350233878.onlinehome.fr\/index.php\/wp-json\/wp\/v2\/product\/4499","targetHints":{"allow":["GET"]}}],"collection":[{"href":"http:\/\/s350233878.onlinehome.fr\/index.php\/wp-json\/wp\/v2\/product"}],"about":[{"href":"http:\/\/s350233878.onlinehome.fr\/index.php\/wp-json\/wp\/v2\/types\/product"}],"wp:featuredmedia":[{"embeddable":true,"href":"http:\/\/s350233878.onlinehome.fr\/index.php\/wp-json\/wp\/v2\/media\/4501"}],"wp:attachment":[{"href":"http:\/\/s350233878.onlinehome.fr\/index.php\/wp-json\/wp\/v2\/media?parent=4499"}],"wp:term":[{"taxonomy":"product_cat","embeddable":true,"href":"http:\/\/s350233878.onlinehome.fr\/index.php\/wp-json\/wp\/v2\/product_cat?post=4499"},{"taxonomy":"product_tag","embeddable":true,"href":"http:\/\/s350233878.onlinehome.fr\/index.php\/wp-json\/wp\/v2\/product_tag?post=4499"}],"curies":[{"name":"wp","href":"https:\/\/api.w.org\/{rel}","templated":true}]}}