{"id":4465,"date":"2023-12-21T15:50:20","date_gmt":"2023-12-21T14:50:20","guid":{"rendered":"https:\/\/vtbati.fr\/vtbati\/?post_type=product&#038;p=4465"},"modified":"2023-12-21T15:50:21","modified_gmt":"2023-12-21T14:50:21","slug":"ferco-tetiere-plastique-a-clipser-8-00815-longueur-1000-mm-largeur-1000-mm-finition-marron","status":"publish","type":"product","link":"http:\/\/s350233878.onlinehome.fr\/index.php\/produit\/ferco-tetiere-plastique-a-clipser-8-00815-longueur-1000-mm-largeur-1000-mm-finition-marron\/","title":{"rendered":"FERCO &#8211; T\u00eati\u00e8re plastique \u00e0 clipser 8-00815 &#8211; Longueur : 1000 mm &#8211; Largeur : 1000 mm &#8211; Finition : marron"},"content":{"rendered":"","protected":false},"excerpt":{"rendered":"<div>Longueur : 1000 mm.<\/div>\n<div><\/div>\n<div class=\"attribute product sku\"><span class=\"type\">R\u00e9f. PRO :<\/span>\u00a0<span class=\"value\" data-bind=\"text: selectedArticleSku\">13943133<\/span><\/div>\n<div class=\"attribute product ref\"><span class=\"type\">R\u00e9f. fab :<\/span>\u00a0<span class=\"value\" data-bind=\"text: getReferenceCode()\">8-00815-10-0-5<\/span><\/div>\n","protected":false},"featured_media":4467,"template":"","meta":[],"product_cat":[823,828,16],"product_tag":[942,941,945,944,943,940],"class_list":{"0":"post-4465","1":"product","2":"type-product","3":"status-publish","4":"has-post-thumbnail","6":"product_cat-ferrures-de-portes-et-fenetres","7":"product_cat-mecanismes-oscillants-battants","8":"product_cat-quincaillerie","9":"product_tag-8-00815","10":"product_tag-a-clipser","11":"product_tag-finition-marron","12":"product_tag-largeur-1000-mm","13":"product_tag-longueur-1000-mm","14":"product_tag-tetiere-plastique","16":"first","17":"instock","18":"taxable","19":"shipping-taxable","20":"purchasable","21":"product-type-simple"},"_links":{"self":[{"href":"http:\/\/s350233878.onlinehome.fr\/index.php\/wp-json\/wp\/v2\/product\/4465","targetHints":{"allow":["GET"]}}],"collection":[{"href":"http:\/\/s350233878.onlinehome.fr\/index.php\/wp-json\/wp\/v2\/product"}],"about":[{"href":"http:\/\/s350233878.onlinehome.fr\/index.php\/wp-json\/wp\/v2\/types\/product"}],"wp:featuredmedia":[{"embeddable":true,"href":"http:\/\/s350233878.onlinehome.fr\/index.php\/wp-json\/wp\/v2\/media\/4467"}],"wp:attachment":[{"href":"http:\/\/s350233878.onlinehome.fr\/index.php\/wp-json\/wp\/v2\/media?parent=4465"}],"wp:term":[{"taxonomy":"product_cat","embeddable":true,"href":"http:\/\/s350233878.onlinehome.fr\/index.php\/wp-json\/wp\/v2\/product_cat?post=4465"},{"taxonomy":"product_tag","embeddable":true,"href":"http:\/\/s350233878.onlinehome.fr\/index.php\/wp-json\/wp\/v2\/product_tag?post=4465"}],"curies":[{"name":"wp","href":"https:\/\/api.w.org\/{rel}","templated":true}]}}