{"id":4350,"date":"2023-12-20T16:00:18","date_gmt":"2023-12-20T15:00:18","guid":{"rendered":"https:\/\/vtbati.fr\/vtbati\/?post_type=product&#038;p=4350"},"modified":"2023-12-20T16:00:20","modified_gmt":"2023-12-20T15:00:20","slug":"ferco-cremone-a-larder-a-06140-00-0-1","status":"publish","type":"product","link":"http:\/\/s350233878.onlinehome.fr\/index.php\/produit\/ferco-cremone-a-larder-a-06140-00-0-1\/","title":{"rendered":"FERCO &#8211; Cr\u00e9mone \u00e0 larder A-06140-00-0-1"},"content":{"rendered":"","protected":false},"excerpt":{"rendered":"<div>Cr\u00e9mone \u00e0 larder+panneton bichromate.<br \/>\nBoitier : 230 x 30 x 6 mm<br \/>\nFouillot carr\u00e9 de 7 mm<br \/>\nAxe du fouillot : 10 mm<\/div>\n<div><\/div>\n<div class=\"attribute product sku\"><span class=\"type\">R\u00e9f. PRO :<\/span>\u00a0<span class=\"value\" data-bind=\"text: selectedArticleSku\">31722810<\/span><\/div>\n<div class=\"attribute product ref\"><span class=\"type\">R\u00e9f. fab :<\/span>\u00a0<span class=\"value\" data-bind=\"text: getReferenceCode()\">A-06140-00-0-1<\/span><\/div>\n","protected":false},"featured_media":4351,"template":"","meta":[],"product_cat":[823,825,16],"product_tag":[866,865],"class_list":{"0":"post-4350","1":"product","2":"type-product","3":"status-publish","4":"has-post-thumbnail","6":"product_cat-ferrures-de-portes-et-fenetres","7":"product_cat-mecanismes-ouvrants-a-la-francaise","8":"product_cat-quincaillerie","9":"product_tag-a-06140-00-0-1","10":"product_tag-cremone-a-larder","12":"first","13":"instock","14":"taxable","15":"shipping-taxable","16":"purchasable","17":"product-type-simple"},"_links":{"self":[{"href":"http:\/\/s350233878.onlinehome.fr\/index.php\/wp-json\/wp\/v2\/product\/4350","targetHints":{"allow":["GET"]}}],"collection":[{"href":"http:\/\/s350233878.onlinehome.fr\/index.php\/wp-json\/wp\/v2\/product"}],"about":[{"href":"http:\/\/s350233878.onlinehome.fr\/index.php\/wp-json\/wp\/v2\/types\/product"}],"wp:featuredmedia":[{"embeddable":true,"href":"http:\/\/s350233878.onlinehome.fr\/index.php\/wp-json\/wp\/v2\/media\/4351"}],"wp:attachment":[{"href":"http:\/\/s350233878.onlinehome.fr\/index.php\/wp-json\/wp\/v2\/media?parent=4350"}],"wp:term":[{"taxonomy":"product_cat","embeddable":true,"href":"http:\/\/s350233878.onlinehome.fr\/index.php\/wp-json\/wp\/v2\/product_cat?post=4350"},{"taxonomy":"product_tag","embeddable":true,"href":"http:\/\/s350233878.onlinehome.fr\/index.php\/wp-json\/wp\/v2\/product_tag?post=4350"}],"curies":[{"name":"wp","href":"https:\/\/api.w.org\/{rel}","templated":true}]}}