{"id":4305,"date":"2023-12-19T16:10:58","date_gmt":"2023-12-19T15:10:58","guid":{"rendered":"https:\/\/vtbati.fr\/vtbati\/?post_type=product&#038;p=4305"},"modified":"2023-12-19T16:11:03","modified_gmt":"2023-12-19T15:11:03","slug":"ferco-gache-de-pene-1-2-tour-deceuninck-pour-profil-pvc-e-18749","status":"publish","type":"product","link":"http:\/\/s350233878.onlinehome.fr\/index.php\/produit\/ferco-gache-de-pene-1-2-tour-deceuninck-pour-profil-pvc-e-18749\/","title":{"rendered":"FERCO &#8211; G\u00e2che de p\u00eane 1\/2 tour deceuninck pour profil PVC E-18749"},"content":{"rendered":"","protected":false},"excerpt":{"rendered":"<div>G\u00e2che pour p\u00eane demi-tour des cr\u00e9mones \u00e0 barillet.<\/div>\n<div><\/div>\n<div class=\"attribute product sku\"><span class=\"type\">R\u00e9f. PRO :<\/span>\u00a0<span class=\"value\" data-bind=\"text: selectedArticleSku\">25333284<\/span><\/div>\n<div class=\"attribute product ref\"><span class=\"type\">R\u00e9f. fab:<\/span>\u00a0<span class=\"value\" data-bind=\"text: getReferenceCode()\">E-18749-35-0-1<\/span><\/div>\n","protected":false},"featured_media":4307,"template":"","meta":[],"product_cat":[824,823,16],"product_tag":[842,845,844,841,843],"class_list":{"0":"post-4305","1":"product","2":"type-product","3":"status-publish","4":"has-post-thumbnail","6":"product_cat-cremones-et-accessoires","7":"product_cat-ferrures-de-portes-et-fenetres","8":"product_cat-quincaillerie","9":"product_tag-1-2-tour","10":"product_tag-deceuninck","11":"product_tag-e-18749","12":"product_tag-gache-de-pene","13":"product_tag-profil-pvc","15":"first","16":"instock","17":"taxable","18":"shipping-taxable","19":"purchasable","20":"product-type-simple"},"_links":{"self":[{"href":"http:\/\/s350233878.onlinehome.fr\/index.php\/wp-json\/wp\/v2\/product\/4305","targetHints":{"allow":["GET"]}}],"collection":[{"href":"http:\/\/s350233878.onlinehome.fr\/index.php\/wp-json\/wp\/v2\/product"}],"about":[{"href":"http:\/\/s350233878.onlinehome.fr\/index.php\/wp-json\/wp\/v2\/types\/product"}],"wp:featuredmedia":[{"embeddable":true,"href":"http:\/\/s350233878.onlinehome.fr\/index.php\/wp-json\/wp\/v2\/media\/4307"}],"wp:attachment":[{"href":"http:\/\/s350233878.onlinehome.fr\/index.php\/wp-json\/wp\/v2\/media?parent=4305"}],"wp:term":[{"taxonomy":"product_cat","embeddable":true,"href":"http:\/\/s350233878.onlinehome.fr\/index.php\/wp-json\/wp\/v2\/product_cat?post=4305"},{"taxonomy":"product_tag","embeddable":true,"href":"http:\/\/s350233878.onlinehome.fr\/index.php\/wp-json\/wp\/v2\/product_tag?post=4305"}],"curies":[{"name":"wp","href":"https:\/\/api.w.org\/{rel}","templated":true}]}}