{"id":4300,"date":"2023-12-19T16:06:51","date_gmt":"2023-12-19T15:06:51","guid":{"rendered":"https:\/\/vtbati.fr\/vtbati\/?post_type=product&#038;p=4300"},"modified":"2023-12-19T16:06:53","modified_gmt":"2023-12-19T15:06:53","slug":"ferco-gache-de-pene-1-2-tour-pour-profil-pvc-e-18749","status":"publish","type":"product","link":"http:\/\/s350233878.onlinehome.fr\/index.php\/produit\/ferco-gache-de-pene-1-2-tour-pour-profil-pvc-e-18749\/","title":{"rendered":"FERCO &#8211; G\u00e2che de p\u00eane 1\/2 tour pour profil PVC E-18749"},"content":{"rendered":"","protected":false},"excerpt":{"rendered":"<div>G\u00e2che pour p\u00eane demi-tour des cr\u00e9mones \u00e0 barillet.<\/div>\n<div><\/div>\n<div class=\"attribute product code-p\"><span class=\"type\">Code P :<\/span>\u00a0<span class=\"value\">P790AEE<\/span><\/div>\n<div class=\"attribute product sku\"><span class=\"type\">R\u00e9f. PRO :<\/span>\u00a0<span class=\"value\" data-bind=\"text: selectedArticleSku\">25333500<\/span><\/div>\n<div class=\"attribute product ref\"><span class=\"type\">R\u00e9f. fab :<\/span>\u00a0<span class=\"value\" data-bind=\"text: getReferenceCode()\">E-18749-02-0-1<\/span><\/div>\n","protected":false},"featured_media":4303,"template":"","meta":[],"product_cat":[824,823,16],"product_tag":[842,844,841,843],"class_list":{"0":"post-4300","1":"product","2":"type-product","3":"status-publish","4":"has-post-thumbnail","6":"product_cat-cremones-et-accessoires","7":"product_cat-ferrures-de-portes-et-fenetres","8":"product_cat-quincaillerie","9":"product_tag-1-2-tour","10":"product_tag-e-18749","11":"product_tag-gache-de-pene","12":"product_tag-profil-pvc","14":"first","15":"instock","16":"taxable","17":"shipping-taxable","18":"purchasable","19":"product-type-simple"},"_links":{"self":[{"href":"http:\/\/s350233878.onlinehome.fr\/index.php\/wp-json\/wp\/v2\/product\/4300","targetHints":{"allow":["GET"]}}],"collection":[{"href":"http:\/\/s350233878.onlinehome.fr\/index.php\/wp-json\/wp\/v2\/product"}],"about":[{"href":"http:\/\/s350233878.onlinehome.fr\/index.php\/wp-json\/wp\/v2\/types\/product"}],"wp:featuredmedia":[{"embeddable":true,"href":"http:\/\/s350233878.onlinehome.fr\/index.php\/wp-json\/wp\/v2\/media\/4303"}],"wp:attachment":[{"href":"http:\/\/s350233878.onlinehome.fr\/index.php\/wp-json\/wp\/v2\/media?parent=4300"}],"wp:term":[{"taxonomy":"product_cat","embeddable":true,"href":"http:\/\/s350233878.onlinehome.fr\/index.php\/wp-json\/wp\/v2\/product_cat?post=4300"},{"taxonomy":"product_tag","embeddable":true,"href":"http:\/\/s350233878.onlinehome.fr\/index.php\/wp-json\/wp\/v2\/product_tag?post=4300"}],"curies":[{"name":"wp","href":"https:\/\/api.w.org\/{rel}","templated":true}]}}