{"id":4295,"date":"2023-12-19T16:02:42","date_gmt":"2023-12-19T15:02:42","guid":{"rendered":"https:\/\/vtbati.fr\/vtbati\/?post_type=product&#038;p=4295"},"modified":"2023-12-19T16:02:45","modified_gmt":"2023-12-19T15:02:45","slug":"map-industries-cremone-a-larder-pour-menuiserie-bois-pour-tringles-a-larder-8-x-5","status":"publish","type":"product","link":"http:\/\/s350233878.onlinehome.fr\/index.php\/produit\/map-industries-cremone-a-larder-pour-menuiserie-bois-pour-tringles-a-larder-8-x-5\/","title":{"rendered":"MAP INDUSTRIES &#8211; Cr\u00e9mone \u00e0 larder pour menuiserie bois POUR TRINGLES A LARDER 8 X 5"},"content":{"rendered":"","protected":false},"excerpt":{"rendered":"<div>Boitiers avec doigts de 25 ou 38 mm<br \/>\nDimensions du boitier : Hauteur : 130 mm x largeur 30 mm x \u00e9paisseur 6 mm.<\/p>\n<p>Livr\u00e9 avec g\u00e2ches 47 et guides 48.<br \/>\nTringle \u00e0 commander s\u00e9par\u00e9ment.<\/p><\/div>\n<div><\/div>\n<div class=\"attribute product code-p\"><span class=\"type\">Code P :<\/span>\u00a0<span class=\"value\">P79037W<\/span><\/div>\n<div class=\"attribute product sku\"><span class=\"type\">R\u00e9f. PRO :<\/span>\u00a0<span class=\"value\" data-bind=\"text: selectedArticleSku\">34746532<\/span><\/div>\n<div class=\"attribute product ref\"><span class=\"type\">R\u00e9f. fab :<\/span>\u00a0<span class=\"value\" data-bind=\"text: getReferenceCode()\">MAP-9D25<\/span><\/div>\n","protected":false},"featured_media":4298,"template":"","meta":[],"product_cat":[824,823,16],"product_tag":[840,838,837,566,839],"class_list":{"0":"post-4295","1":"product","2":"type-product","3":"status-publish","4":"has-post-thumbnail","6":"product_cat-cremones-et-accessoires","7":"product_cat-ferrures-de-portes-et-fenetres","8":"product_cat-quincaillerie","9":"product_tag-8-x-5","10":"product_tag-a-larder","11":"product_tag-cremone","12":"product_tag-menuiserie-bois","13":"product_tag-tringles","15":"first","16":"instock","17":"taxable","18":"shipping-taxable","19":"purchasable","20":"product-type-simple"},"_links":{"self":[{"href":"http:\/\/s350233878.onlinehome.fr\/index.php\/wp-json\/wp\/v2\/product\/4295","targetHints":{"allow":["GET"]}}],"collection":[{"href":"http:\/\/s350233878.onlinehome.fr\/index.php\/wp-json\/wp\/v2\/product"}],"about":[{"href":"http:\/\/s350233878.onlinehome.fr\/index.php\/wp-json\/wp\/v2\/types\/product"}],"wp:featuredmedia":[{"embeddable":true,"href":"http:\/\/s350233878.onlinehome.fr\/index.php\/wp-json\/wp\/v2\/media\/4298"}],"wp:attachment":[{"href":"http:\/\/s350233878.onlinehome.fr\/index.php\/wp-json\/wp\/v2\/media?parent=4295"}],"wp:term":[{"taxonomy":"product_cat","embeddable":true,"href":"http:\/\/s350233878.onlinehome.fr\/index.php\/wp-json\/wp\/v2\/product_cat?post=4295"},{"taxonomy":"product_tag","embeddable":true,"href":"http:\/\/s350233878.onlinehome.fr\/index.php\/wp-json\/wp\/v2\/product_tag?post=4295"}],"curies":[{"name":"wp","href":"https:\/\/api.w.org\/{rel}","templated":true}]}}