{"id":4272,"date":"2023-12-19T15:03:39","date_gmt":"2023-12-19T14:03:39","guid":{"rendered":"https:\/\/vtbati.fr\/vtbati\/?post_type=product&#038;p=4272"},"modified":"2023-12-19T15:05:05","modified_gmt":"2023-12-19T14:05:05","slug":"ferco-cremone-a-barillet-g-24452-20-70-mm","status":"publish","type":"product","link":"http:\/\/s350233878.onlinehome.fr\/index.php\/produit\/ferco-cremone-a-barillet-g-24452-20-70-mm\/","title":{"rendered":"FERCO &#8211; Cr\u00e9mone \u00e0 barillet G-24452-20 70 mm"},"content":{"rendered":"","protected":false},"excerpt":{"rendered":"<div>Cr\u00e9mone \u00e0 rouleaux avec p\u00eane demi-tour. Fermeture par relevage de la b\u00e9quille.<br \/>\nCondamnation par cylindre. T\u00eati\u00e8re 16 mm bouts carr\u00e9s recoupable de 250 mm en haut et en bas.<br \/>\nEntraxe 70 mm. Verrouillage haut et bas par galets, sortie de tringle ou renvoi d&rsquo;angle.<\/div>\n<div><\/div>\n<div class=\"attribute product code-p\"><span class=\"type\">Code P :<\/span>\u00a0<span class=\"value\">P79EKMY<\/span><\/div>\n<div class=\"attribute product sku\"><span class=\"type\">R\u00e9f. PRO :<\/span>\u00a0<span class=\"value\" data-bind=\"text: selectedArticleSku\">58934232<\/span><\/div>\n<div class=\"attribute product ref\"><span class=\"type\">R\u00e9f. fab :<\/span>\u00a0<span class=\"value\" data-bind=\"text: getReferenceCode()\">G-24452-18-L-1<\/span><\/div>\n","protected":false},"featured_media":4276,"template":"","meta":[],"product_cat":[824,823,16],"product_tag":[831,832],"class_list":{"0":"post-4272","1":"product","2":"type-product","3":"status-publish","4":"has-post-thumbnail","6":"product_cat-cremones-et-accessoires","7":"product_cat-ferrures-de-portes-et-fenetres","8":"product_cat-quincaillerie","9":"product_tag-cremone-a-barillet","10":"product_tag-g-24452-20-70-mm","12":"first","13":"instock","14":"taxable","15":"shipping-taxable","16":"purchasable","17":"product-type-simple"},"_links":{"self":[{"href":"http:\/\/s350233878.onlinehome.fr\/index.php\/wp-json\/wp\/v2\/product\/4272","targetHints":{"allow":["GET"]}}],"collection":[{"href":"http:\/\/s350233878.onlinehome.fr\/index.php\/wp-json\/wp\/v2\/product"}],"about":[{"href":"http:\/\/s350233878.onlinehome.fr\/index.php\/wp-json\/wp\/v2\/types\/product"}],"wp:featuredmedia":[{"embeddable":true,"href":"http:\/\/s350233878.onlinehome.fr\/index.php\/wp-json\/wp\/v2\/media\/4276"}],"wp:attachment":[{"href":"http:\/\/s350233878.onlinehome.fr\/index.php\/wp-json\/wp\/v2\/media?parent=4272"}],"wp:term":[{"taxonomy":"product_cat","embeddable":true,"href":"http:\/\/s350233878.onlinehome.fr\/index.php\/wp-json\/wp\/v2\/product_cat?post=4272"},{"taxonomy":"product_tag","embeddable":true,"href":"http:\/\/s350233878.onlinehome.fr\/index.php\/wp-json\/wp\/v2\/product_tag?post=4272"}],"curies":[{"name":"wp","href":"https:\/\/api.w.org\/{rel}","templated":true}]}}