{"id":4268,"date":"2023-12-19T11:35:37","date_gmt":"2023-12-19T10:35:37","guid":{"rendered":"https:\/\/vtbati.fr\/vtbati\/?post_type=product&#038;p=4268"},"modified":"2023-12-19T11:35:39","modified_gmt":"2023-12-19T10:35:39","slug":"socona-verrou-de-fenetre-avec-fermeture-a-cle-blanc","status":"publish","type":"product","link":"http:\/\/s350233878.onlinehome.fr\/index.php\/produit\/socona-verrou-de-fenetre-avec-fermeture-a-cle-blanc\/","title":{"rendered":"SOCONA &#8211; Verrou de fen\u00eatre Avec fermeture \u00e0 cl\u00e9 &#8211; blanc"},"content":{"rendered":"","protected":false},"excerpt":{"rendered":"<div>M\u00e9canisme de verrouillage \u00e0 7 goupilles.<br \/>\nFixation invisible et ind\u00e9montable.<br \/>\nP\u00eane rond en acier zingu\u00e9.<br \/>\nDimensions : 109 x 50 x 44 mm.<br \/>\nColoris : blanc.<\/p>\n<p>Livr\u00e9 avec 2 cl\u00e9s, accessoires de montage et de fixation.<\/p><\/div>\n<div><\/div>\n<div class=\"attribute product sku\"><span class=\"type\">R\u00e9f. PRO :<\/span>\u00a0<span class=\"value\" data-bind=\"text: selectedArticleSku\">46788788<\/span><\/div>\n<div class=\"attribute product ref\"><span class=\"type\">R\u00e9f. fab :<\/span>\u00a0<span class=\"value\" data-bind=\"text: getReferenceCode()\">TL6S<\/span><\/div>\n","protected":false},"featured_media":4270,"template":"","meta":[],"product_cat":[672,667,16],"product_tag":[822,707,796],"class_list":{"0":"post-4268","1":"product","2":"type-product","3":"status-publish","4":"has-post-thumbnail","6":"product_cat-garnitures-de-fenetres-et-accessoires","7":"product_cat-garnitures-de-portes-et-fenetres","8":"product_cat-quincaillerie","9":"product_tag-avec-fermeture-a-cle","10":"product_tag-blanc","11":"product_tag-verrou-de-fenetre","13":"first","14":"instock","15":"taxable","16":"shipping-taxable","17":"purchasable","18":"product-type-simple"},"_links":{"self":[{"href":"http:\/\/s350233878.onlinehome.fr\/index.php\/wp-json\/wp\/v2\/product\/4268","targetHints":{"allow":["GET"]}}],"collection":[{"href":"http:\/\/s350233878.onlinehome.fr\/index.php\/wp-json\/wp\/v2\/product"}],"about":[{"href":"http:\/\/s350233878.onlinehome.fr\/index.php\/wp-json\/wp\/v2\/types\/product"}],"wp:featuredmedia":[{"embeddable":true,"href":"http:\/\/s350233878.onlinehome.fr\/index.php\/wp-json\/wp\/v2\/media\/4270"}],"wp:attachment":[{"href":"http:\/\/s350233878.onlinehome.fr\/index.php\/wp-json\/wp\/v2\/media?parent=4268"}],"wp:term":[{"taxonomy":"product_cat","embeddable":true,"href":"http:\/\/s350233878.onlinehome.fr\/index.php\/wp-json\/wp\/v2\/product_cat?post=4268"},{"taxonomy":"product_tag","embeddable":true,"href":"http:\/\/s350233878.onlinehome.fr\/index.php\/wp-json\/wp\/v2\/product_tag?post=4268"}],"curies":[{"name":"wp","href":"https:\/\/api.w.org\/{rel}","templated":true}]}}