{"id":4255,"date":"2023-12-19T11:23:03","date_gmt":"2023-12-19T10:23:03","guid":{"rendered":"https:\/\/vtbati.fr\/vtbati\/?post_type=product&#038;p=4255"},"modified":"2023-12-19T11:23:04","modified_gmt":"2023-12-19T10:23:04","slug":"vachette-poignee-de-fenetre-zamak-artis-avec-carre-chrome-velours","status":"publish","type":"product","link":"http:\/\/s350233878.onlinehome.fr\/index.php\/produit\/vachette-poignee-de-fenetre-zamak-artis-avec-carre-chrome-velours\/","title":{"rendered":"VACHETTE &#8211; Poign\u00e9e de fen\u00eatre zamak ARTIS &#8211; Avec carr\u00e9 &#8211; Chrom\u00e9 velours"},"content":{"rendered":"","protected":false},"excerpt":{"rendered":"<div>Poign\u00e9e de fen\u00eatre zamak ARTIS.<\/div>\n<div><\/div>\n<div class=\"attribute product sku\"><span class=\"type\">R\u00e9f. PRO :<\/span>\u00a0<span class=\"value\" data-bind=\"text: selectedArticleSku\">67417445<\/span><\/div>\n<div class=\"attribute product ref\"><span class=\"type\">R\u00e9f. fab :<\/span>\u00a0<span class=\"value\" data-bind=\"text: getReferenceCode()\">100443<\/span><\/div>\n","protected":false},"featured_media":4256,"template":"","meta":[],"product_cat":[672,667,16],"product_tag":[809,682,807,816],"class_list":{"0":"post-4255","1":"product","2":"type-product","3":"status-publish","4":"has-post-thumbnail","6":"product_cat-garnitures-de-fenetres-et-accessoires","7":"product_cat-garnitures-de-portes-et-fenetres","8":"product_cat-quincaillerie","9":"product_tag-avec-carre","10":"product_tag-chrome-velours","11":"product_tag-poignee-de-fenetre","12":"product_tag-zamak-artis","14":"first","15":"instock","16":"taxable","17":"shipping-taxable","18":"purchasable","19":"product-type-simple"},"_links":{"self":[{"href":"http:\/\/s350233878.onlinehome.fr\/index.php\/wp-json\/wp\/v2\/product\/4255","targetHints":{"allow":["GET"]}}],"collection":[{"href":"http:\/\/s350233878.onlinehome.fr\/index.php\/wp-json\/wp\/v2\/product"}],"about":[{"href":"http:\/\/s350233878.onlinehome.fr\/index.php\/wp-json\/wp\/v2\/types\/product"}],"wp:featuredmedia":[{"embeddable":true,"href":"http:\/\/s350233878.onlinehome.fr\/index.php\/wp-json\/wp\/v2\/media\/4256"}],"wp:attachment":[{"href":"http:\/\/s350233878.onlinehome.fr\/index.php\/wp-json\/wp\/v2\/media?parent=4255"}],"wp:term":[{"taxonomy":"product_cat","embeddable":true,"href":"http:\/\/s350233878.onlinehome.fr\/index.php\/wp-json\/wp\/v2\/product_cat?post=4255"},{"taxonomy":"product_tag","embeddable":true,"href":"http:\/\/s350233878.onlinehome.fr\/index.php\/wp-json\/wp\/v2\/product_tag?post=4255"}],"curies":[{"name":"wp","href":"https:\/\/api.w.org\/{rel}","templated":true}]}}