{"id":4251,"date":"2023-12-19T11:17:45","date_gmt":"2023-12-19T10:17:45","guid":{"rendered":"https:\/\/vtbati.fr\/vtbati\/?post_type=product&#038;p=4251"},"modified":"2023-12-19T11:17:47","modified_gmt":"2023-12-19T10:17:47","slug":"hoppe-poignee-de-fenetre-laiton-ob-atlanta-avec-carre-32_42-mm-2","status":"publish","type":"product","link":"http:\/\/s350233878.onlinehome.fr\/index.php\/produit\/hoppe-poignee-de-fenetre-laiton-ob-atlanta-avec-carre-32_42-mm-2\/","title":{"rendered":"HOPPE &#8211; Poign\u00e9e de fen\u00eatre laiton OB ATLANTA &#8211; Avec carr\u00e9 &#8211; 32_42 mm"},"content":{"rendered":"","protected":false},"excerpt":{"rendered":"<div>Poign\u00e9e ATLANTA \u00e0 cl\u00e9 F71 en laiton poli.<\/div>\n<div><\/div>\n<div class=\"attribute product sku\"><span class=\"type\">R\u00e9f. PRO :<\/span>\u00a0<span class=\"value\" data-bind=\"text: selectedArticleSku\">66371867<\/span><\/div>\n<div class=\"attribute product ref\"><span class=\"type\">R\u00e9f. fab :<\/span>\u00a0<span class=\"value\" data-bind=\"text: getReferenceCode()\">M0530\/US956<\/span><\/div>\n","protected":false},"featured_media":4253,"template":"","meta":[],"product_cat":[672,667,16],"product_tag":[810,717,809,779,808,807],"class_list":{"0":"post-4251","1":"product","2":"type-product","3":"status-publish","4":"has-post-thumbnail","6":"product_cat-garnitures-de-fenetres-et-accessoires","7":"product_cat-garnitures-de-portes-et-fenetres","8":"product_cat-quincaillerie","9":"product_tag-32_42-mm","10":"product_tag-atlanta","11":"product_tag-avec-carre","12":"product_tag-laiton","13":"product_tag-ob","14":"product_tag-poignee-de-fenetre","16":"first","17":"instock","18":"taxable","19":"shipping-taxable","20":"purchasable","21":"product-type-simple"},"_links":{"self":[{"href":"http:\/\/s350233878.onlinehome.fr\/index.php\/wp-json\/wp\/v2\/product\/4251","targetHints":{"allow":["GET"]}}],"collection":[{"href":"http:\/\/s350233878.onlinehome.fr\/index.php\/wp-json\/wp\/v2\/product"}],"about":[{"href":"http:\/\/s350233878.onlinehome.fr\/index.php\/wp-json\/wp\/v2\/types\/product"}],"wp:featuredmedia":[{"embeddable":true,"href":"http:\/\/s350233878.onlinehome.fr\/index.php\/wp-json\/wp\/v2\/media\/4253"}],"wp:attachment":[{"href":"http:\/\/s350233878.onlinehome.fr\/index.php\/wp-json\/wp\/v2\/media?parent=4251"}],"wp:term":[{"taxonomy":"product_cat","embeddable":true,"href":"http:\/\/s350233878.onlinehome.fr\/index.php\/wp-json\/wp\/v2\/product_cat?post=4251"},{"taxonomy":"product_tag","embeddable":true,"href":"http:\/\/s350233878.onlinehome.fr\/index.php\/wp-json\/wp\/v2\/product_tag?post=4251"}],"curies":[{"name":"wp","href":"https:\/\/api.w.org\/{rel}","templated":true}]}}