{"id":4247,"date":"2023-12-19T11:13:20","date_gmt":"2023-12-19T10:13:20","guid":{"rendered":"https:\/\/vtbati.fr\/vtbati\/?post_type=product&#038;p=4247"},"modified":"2023-12-19T11:13:22","modified_gmt":"2023-12-19T10:13:22","slug":"hoppe-poignee-de-fenetre-aluminium-2258128-atlanta-longueur-du-carre-35-mm-avec-carre-sans-condamnation","status":"publish","type":"product","link":"http:\/\/s350233878.onlinehome.fr\/index.php\/produit\/hoppe-poignee-de-fenetre-aluminium-2258128-atlanta-longueur-du-carre-35-mm-avec-carre-sans-condamnation\/","title":{"rendered":"HOPPE &#8211; Poign\u00e9e de fen\u00eatre aluminium 2258128 ATLANTA &#8211; Longueur du carr\u00e9 : 35 mm &#8211; Avec carr\u00e9 &#8211; Sans condamnation"},"content":{"rendered":"","protected":false},"excerpt":{"rendered":"<div>Poign\u00e9e de fen\u00eatre oscillo-battante, avec bouton poussoir et crantage \u00e0 90\u00b0.<\/div>\n<div><\/div>\n<div class=\"attribute product sku\"><span class=\"type\">R\u00e9f. PRO :<\/span>\u00a0<span class=\"value\" data-bind=\"text: selectedArticleSku\">53934471<\/span><\/div>\n<div class=\"attribute product ref\"><span class=\"type\">R\u00e9f. fab :<\/span>\u00a0<span class=\"value\" data-bind=\"text: getReferenceCode()\">0530SV\/U26<\/span><\/div>\n","protected":false},"featured_media":4248,"template":"","meta":[],"product_cat":[672,667,16],"product_tag":[814,37,717,809,815,807,604],"class_list":{"0":"post-4247","1":"product","2":"type-product","3":"status-publish","4":"has-post-thumbnail","6":"product_cat-garnitures-de-fenetres-et-accessoires","7":"product_cat-garnitures-de-portes-et-fenetres","8":"product_cat-quincaillerie","9":"product_tag-814","10":"product_tag-aluminium","11":"product_tag-atlanta","12":"product_tag-avec-carre","13":"product_tag-longueur-du-carre-35-mm","14":"product_tag-poignee-de-fenetre","15":"product_tag-sans-condamnation","17":"first","18":"instock","19":"taxable","20":"shipping-taxable","21":"purchasable","22":"product-type-simple"},"_links":{"self":[{"href":"http:\/\/s350233878.onlinehome.fr\/index.php\/wp-json\/wp\/v2\/product\/4247","targetHints":{"allow":["GET"]}}],"collection":[{"href":"http:\/\/s350233878.onlinehome.fr\/index.php\/wp-json\/wp\/v2\/product"}],"about":[{"href":"http:\/\/s350233878.onlinehome.fr\/index.php\/wp-json\/wp\/v2\/types\/product"}],"wp:featuredmedia":[{"embeddable":true,"href":"http:\/\/s350233878.onlinehome.fr\/index.php\/wp-json\/wp\/v2\/media\/4248"}],"wp:attachment":[{"href":"http:\/\/s350233878.onlinehome.fr\/index.php\/wp-json\/wp\/v2\/media?parent=4247"}],"wp:term":[{"taxonomy":"product_cat","embeddable":true,"href":"http:\/\/s350233878.onlinehome.fr\/index.php\/wp-json\/wp\/v2\/product_cat?post=4247"},{"taxonomy":"product_tag","embeddable":true,"href":"http:\/\/s350233878.onlinehome.fr\/index.php\/wp-json\/wp\/v2\/product_tag?post=4247"}],"curies":[{"name":"wp","href":"https:\/\/api.w.org\/{rel}","templated":true}]}}