{"id":4221,"date":"2023-12-14T16:40:11","date_gmt":"2023-12-14T15:40:11","guid":{"rendered":"https:\/\/vtbati.fr\/vtbati\/?post_type=product&#038;p=4221"},"modified":"2023-12-14T16:40:16","modified_gmt":"2023-12-14T15:40:16","slug":"tupai20sa-poignee-et-bouton-de-fenetre-4153","status":"publish","type":"product","link":"http:\/\/s350233878.onlinehome.fr\/index.php\/produit\/tupai20sa-poignee-et-bouton-de-fenetre-4153\/","title":{"rendered":"TUPAI20SA &#8211; Poign\u00e9e et bouton de fen\u00eatre 4153"},"content":{"rendered":"","protected":false},"excerpt":{"rendered":"<div>B\u00e9quille de fen\u00eatre arrondie tr\u00e8s design mod\u00e8le 4153.<\/div>\n<div><\/div>\n<div class=\"attribute product code-p\"><span class=\"type\">Code P :<\/span>\u00a0<span class=\"value\">P79K9QA<\/span><\/div>\n<div class=\"attribute product sku\"><span class=\"type\">R\u00e9f. PRO :<\/span>\u00a0<span class=\"value\" data-bind=\"text: selectedArticleSku\">68962161<\/span><\/div>\n<div class=\"attribute product ref\"><span class=\"type\">R\u00e9f. fab :<\/span>\u00a0<span class=\"value\" data-bind=\"text: getReferenceCode()\">4153 WRE-142<\/span><\/div>\n","protected":false},"featured_media":4225,"template":"","meta":[],"product_cat":[672,667,16],"product_tag":[806,801,800],"class_list":{"0":"post-4221","1":"product","2":"type-product","3":"status-publish","4":"has-post-thumbnail","6":"product_cat-garnitures-de-fenetres-et-accessoires","7":"product_cat-garnitures-de-portes-et-fenetres","8":"product_cat-quincaillerie","9":"product_tag-806","10":"product_tag-bouton-de-fenetre","11":"product_tag-poignee","13":"first","14":"instock","15":"taxable","16":"shipping-taxable","17":"purchasable","18":"product-type-simple"},"_links":{"self":[{"href":"http:\/\/s350233878.onlinehome.fr\/index.php\/wp-json\/wp\/v2\/product\/4221","targetHints":{"allow":["GET"]}}],"collection":[{"href":"http:\/\/s350233878.onlinehome.fr\/index.php\/wp-json\/wp\/v2\/product"}],"about":[{"href":"http:\/\/s350233878.onlinehome.fr\/index.php\/wp-json\/wp\/v2\/types\/product"}],"wp:featuredmedia":[{"embeddable":true,"href":"http:\/\/s350233878.onlinehome.fr\/index.php\/wp-json\/wp\/v2\/media\/4225"}],"wp:attachment":[{"href":"http:\/\/s350233878.onlinehome.fr\/index.php\/wp-json\/wp\/v2\/media?parent=4221"}],"wp:term":[{"taxonomy":"product_cat","embeddable":true,"href":"http:\/\/s350233878.onlinehome.fr\/index.php\/wp-json\/wp\/v2\/product_cat?post=4221"},{"taxonomy":"product_tag","embeddable":true,"href":"http:\/\/s350233878.onlinehome.fr\/index.php\/wp-json\/wp\/v2\/product_tag?post=4221"}],"curies":[{"name":"wp","href":"https:\/\/api.w.org\/{rel}","templated":true}]}}