{"id":4207,"date":"2023-12-14T15:50:36","date_gmt":"2023-12-14T14:50:36","guid":{"rendered":"https:\/\/vtbati.fr\/vtbati\/?post_type=product&#038;p=4207"},"modified":"2023-12-14T15:50:40","modified_gmt":"2023-12-14T14:50:40","slug":"socona-entrebailleur-fenetre-de-fenetre-serpentin-a-serpentin","status":"publish","type":"product","link":"http:\/\/s350233878.onlinehome.fr\/index.php\/produit\/socona-entrebailleur-fenetre-de-fenetre-serpentin-a-serpentin\/","title":{"rendered":"SOCONA &#8211; Entreb\u00e2illeur fen\u00eatre DE FENETRE SERPENTIN \u00e0 serpentin"},"content":{"rendered":"","protected":false},"excerpt":{"rendered":"<div><strong>R\u00e9glable 5 positions<\/strong><\/p>\n<p>1 ou 2 vantaux.<br \/>\nDimensions : 206 x 41 x 28,5 mm<\/p><\/div>\n<div><\/div>\n<div class=\"attribute product code-p\"><span class=\"type\">Code P :<\/span>\u00a0<span class=\"value\">P7906T6<\/span><\/div>\n<div class=\"attribute product sku\"><span class=\"type\">R\u00e9f. PRO :<\/span>\u00a0<span class=\"value\" data-bind=\"text: selectedArticleSku\">35055479<\/span><\/div>\n<div class=\"attribute product ref\"><span class=\"type\">R\u00e9f. fab :<\/span>\u00a0<span class=\"value\" data-bind=\"text: getReferenceCode()\">E1B<\/span><\/div>\n","protected":false},"featured_media":4208,"template":"","meta":[],"product_cat":[672,671,16],"product_tag":[753,798,799],"class_list":{"0":"post-4207","1":"product","2":"type-product","3":"status-publish","4":"has-post-thumbnail","6":"product_cat-garnitures-de-fenetres-et-accessoires","7":"product_cat-garnitures-de-portes-fenetres","8":"product_cat-quincaillerie","9":"product_tag-entrebailleur","10":"product_tag-fenetre-serpentin","11":"product_tag-serpentin","13":"first","14":"instock","15":"taxable","16":"shipping-taxable","17":"purchasable","18":"product-type-simple"},"_links":{"self":[{"href":"http:\/\/s350233878.onlinehome.fr\/index.php\/wp-json\/wp\/v2\/product\/4207","targetHints":{"allow":["GET"]}}],"collection":[{"href":"http:\/\/s350233878.onlinehome.fr\/index.php\/wp-json\/wp\/v2\/product"}],"about":[{"href":"http:\/\/s350233878.onlinehome.fr\/index.php\/wp-json\/wp\/v2\/types\/product"}],"wp:featuredmedia":[{"embeddable":true,"href":"http:\/\/s350233878.onlinehome.fr\/index.php\/wp-json\/wp\/v2\/media\/4208"}],"wp:attachment":[{"href":"http:\/\/s350233878.onlinehome.fr\/index.php\/wp-json\/wp\/v2\/media?parent=4207"}],"wp:term":[{"taxonomy":"product_cat","embeddable":true,"href":"http:\/\/s350233878.onlinehome.fr\/index.php\/wp-json\/wp\/v2\/product_cat?post=4207"},{"taxonomy":"product_tag","embeddable":true,"href":"http:\/\/s350233878.onlinehome.fr\/index.php\/wp-json\/wp\/v2\/product_tag?post=4207"}],"curies":[{"name":"wp","href":"https:\/\/api.w.org\/{rel}","templated":true}]}}