{"id":4203,"date":"2023-12-14T15:44:20","date_gmt":"2023-12-14T14:44:20","guid":{"rendered":"https:\/\/vtbati.fr\/vtbati\/?post_type=product&#038;p=4203"},"modified":"2023-12-14T15:44:22","modified_gmt":"2023-12-14T14:44:22","slug":"abus-verrou-de-fenetre-avec-fermeture-a-cle-blanc","status":"publish","type":"product","link":"http:\/\/s350233878.onlinehome.fr\/index.php\/produit\/abus-verrou-de-fenetre-avec-fermeture-a-cle-blanc\/","title":{"rendered":"ABUS &#8211; Verrou de fen\u00eatre Avec fermeture \u00e0 cl\u00e9 &#8211; blanc"},"content":{"rendered":"","protected":false},"excerpt":{"rendered":"<div>Pour portes d\u2019entr\u00e9e, fen\u00eatres et porte-fen\u00eatres ouvrants \u00e0 la fran\u00e7aise ou coulissantes.<br \/>\nPossibilit\u00e9 de pose horizontale ou verticale.<br \/>\nDimensions de chaque \u00e9l\u00e9ment : 134 x 25 mm.<br \/>\nDouble p\u00eane \u00e0 crochet.<br \/>\nCylindre 4 goupilles.<br \/>\nFixations invisibles.<br \/>\n2 cl\u00e9s incluses.<\/p>\n<\/div>\n<div><\/div>\n<div class=\"attribute product sku\"><span class=\"type\">R\u00e9f. PRO :<\/span>\u00a0<span class=\"value\" data-bind=\"text: selectedArticleSku\">14183191<\/span><\/div>\n<div class=\"attribute product ref\"><span class=\"type\">R\u00e9f. fab :<\/span>\u00a0<span class=\"value\" data-bind=\"text: getReferenceCode()\">FTS88 W KD EK<\/span><\/div>\n","protected":false},"featured_media":4205,"template":"","meta":[],"product_cat":[672,667,16],"product_tag":[707,797,796],"class_list":{"0":"post-4203","1":"product","2":"type-product","3":"status-publish","4":"has-post-thumbnail","6":"product_cat-garnitures-de-fenetres-et-accessoires","7":"product_cat-garnitures-de-portes-et-fenetres","8":"product_cat-quincaillerie","9":"product_tag-blanc","10":"product_tag-fermeture-a-cle","11":"product_tag-verrou-de-fenetre","13":"first","14":"instock","15":"taxable","16":"shipping-taxable","17":"purchasable","18":"product-type-simple"},"_links":{"self":[{"href":"http:\/\/s350233878.onlinehome.fr\/index.php\/wp-json\/wp\/v2\/product\/4203","targetHints":{"allow":["GET"]}}],"collection":[{"href":"http:\/\/s350233878.onlinehome.fr\/index.php\/wp-json\/wp\/v2\/product"}],"about":[{"href":"http:\/\/s350233878.onlinehome.fr\/index.php\/wp-json\/wp\/v2\/types\/product"}],"wp:featuredmedia":[{"embeddable":true,"href":"http:\/\/s350233878.onlinehome.fr\/index.php\/wp-json\/wp\/v2\/media\/4205"}],"wp:attachment":[{"href":"http:\/\/s350233878.onlinehome.fr\/index.php\/wp-json\/wp\/v2\/media?parent=4203"}],"wp:term":[{"taxonomy":"product_cat","embeddable":true,"href":"http:\/\/s350233878.onlinehome.fr\/index.php\/wp-json\/wp\/v2\/product_cat?post=4203"},{"taxonomy":"product_tag","embeddable":true,"href":"http:\/\/s350233878.onlinehome.fr\/index.php\/wp-json\/wp\/v2\/product_tag?post=4203"}],"curies":[{"name":"wp","href":"https:\/\/api.w.org\/{rel}","templated":true}]}}