{"id":4187,"date":"2023-12-14T15:40:33","date_gmt":"2023-12-14T14:40:33","guid":{"rendered":"https:\/\/vtbati.fr\/vtbati\/?post_type=product&#038;p=4187"},"modified":"2023-12-14T15:40:35","modified_gmt":"2023-12-14T14:40:35","slug":"hoppe-poigne-ob-atlanta-0530-us952","status":"publish","type":"product","link":"http:\/\/s350233878.onlinehome.fr\/index.php\/produit\/hoppe-poigne-ob-atlanta-0530-us952\/","title":{"rendered":"HOPPE &#8211; Poign\u00e9 OB ATLANTA 0530\/US952"},"content":{"rendered":"","protected":false},"excerpt":{"rendered":"<div>Poign\u00e9e de fen\u00eatre HOPPE en aluminium, avecSecustik\u00ae et VarioFit\u00ae, pour fen\u00eatre \u00e0 ouverture oscillo-battante :Certifi\u00e9e selon la norme DIN EN 13126-3: 23\/180-0150\/03\/C1etRAL-GZ 607\/9Crantage: 90\u00b0Capot : capot amovible Sous-embase: polyamide, piliers de fixation Carr\u00e9: carr\u00e9 plein HOPPE, longueur variable de 10 mm, ajustement variable gr\u00e2ce au ressort int\u00e9gr\u00e9 dans le col de la b\u00e9quille Fixation: non visible, par vis filet\u00e9es M5<\/div>\n<div><\/div>\n<div class=\"attribute product code-p\"><span class=\"type\">Code P :<\/span>\u00a0<span class=\"value\">P79058W<\/span><\/div>\n<div class=\"attribute product sku\"><span class=\"type\">R\u00e9f. PRO :<\/span>\u00a0<span class=\"value\" data-bind=\"text: selectedArticleSku\">66228975<\/span><\/div>\n<div class=\"attribute product ref\"><span class=\"type\">R\u00e9f. fab :<\/span>\u00a0<span class=\"value\" data-bind=\"text: getReferenceCode()\">0530\/US952<\/span><\/div>\n","protected":false},"featured_media":4201,"template":"","meta":[],"product_cat":[672,667,16],"product_tag":[795,717,794],"class_list":{"0":"post-4187","1":"product","2":"type-product","3":"status-publish","4":"has-post-thumbnail","6":"product_cat-garnitures-de-fenetres-et-accessoires","7":"product_cat-garnitures-de-portes-et-fenetres","8":"product_cat-quincaillerie","9":"product_tag-0530-us952","10":"product_tag-atlanta","11":"product_tag-poigne-ob","13":"first","14":"instock","15":"taxable","16":"shipping-taxable","17":"purchasable","18":"product-type-simple"},"_links":{"self":[{"href":"http:\/\/s350233878.onlinehome.fr\/index.php\/wp-json\/wp\/v2\/product\/4187","targetHints":{"allow":["GET"]}}],"collection":[{"href":"http:\/\/s350233878.onlinehome.fr\/index.php\/wp-json\/wp\/v2\/product"}],"about":[{"href":"http:\/\/s350233878.onlinehome.fr\/index.php\/wp-json\/wp\/v2\/types\/product"}],"wp:featuredmedia":[{"embeddable":true,"href":"http:\/\/s350233878.onlinehome.fr\/index.php\/wp-json\/wp\/v2\/media\/4201"}],"wp:attachment":[{"href":"http:\/\/s350233878.onlinehome.fr\/index.php\/wp-json\/wp\/v2\/media?parent=4187"}],"wp:term":[{"taxonomy":"product_cat","embeddable":true,"href":"http:\/\/s350233878.onlinehome.fr\/index.php\/wp-json\/wp\/v2\/product_cat?post=4187"},{"taxonomy":"product_tag","embeddable":true,"href":"http:\/\/s350233878.onlinehome.fr\/index.php\/wp-json\/wp\/v2\/product_tag?post=4187"}],"curies":[{"name":"wp","href":"https:\/\/api.w.org\/{rel}","templated":true}]}}