{"id":4176,"date":"2023-12-14T15:20:19","date_gmt":"2023-12-14T14:20:19","guid":{"rendered":"https:\/\/vtbati.fr\/vtbati\/?post_type=product&#038;p=4176"},"modified":"2023-12-14T15:20:21","modified_gmt":"2023-12-14T14:20:21","slug":"socona-entrebailleur-baie-coulissante-de-securite-cablair-a-cable","status":"publish","type":"product","link":"http:\/\/s350233878.onlinehome.fr\/index.php\/produit\/socona-entrebailleur-baie-coulissante-de-securite-cablair-a-cable\/","title":{"rendered":"SOCONA &#8211; Entreb\u00e2illeur baie coulissante DE SECURITE CABL&rsquo;AIR \u00e0 c\u00e2ble"},"content":{"rendered":"","protected":false},"excerpt":{"rendered":"<div class=\"attribute product code-p\"><span class=\"type\">Code P :<\/span>\u00a0<span class=\"value\">P790C9S<\/span><\/div>\n<div class=\"attribute product sku\"><span class=\"type\">R\u00e9f. PRO :<\/span>\u00a0<span class=\"value\" data-bind=\"text: selectedArticleSku\">55526036<\/span><\/div>\n<div class=\"attribute product ref\"><span class=\"type\">R\u00e9f. fab :<\/span>\u00a0<span class=\"value\" data-bind=\"text: getReferenceCode()\">H6S<\/span><\/div>\n","protected":false},"featured_media":4179,"template":"","meta":[],"product_cat":[667,671,16],"product_tag":[659,86,791,753],"class_list":{"0":"post-4176","1":"product","2":"type-product","3":"status-publish","4":"has-post-thumbnail","6":"product_cat-garnitures-de-portes-et-fenetres","7":"product_cat-garnitures-de-portes-fenetres","8":"product_cat-quincaillerie","9":"product_tag-a-cable","10":"product_tag-baie-coulissante","11":"product_tag-de-securite-cablair","12":"product_tag-entrebailleur","14":"first","15":"instock","16":"taxable","17":"shipping-taxable","18":"purchasable","19":"product-type-simple"},"_links":{"self":[{"href":"http:\/\/s350233878.onlinehome.fr\/index.php\/wp-json\/wp\/v2\/product\/4176","targetHints":{"allow":["GET"]}}],"collection":[{"href":"http:\/\/s350233878.onlinehome.fr\/index.php\/wp-json\/wp\/v2\/product"}],"about":[{"href":"http:\/\/s350233878.onlinehome.fr\/index.php\/wp-json\/wp\/v2\/types\/product"}],"wp:featuredmedia":[{"embeddable":true,"href":"http:\/\/s350233878.onlinehome.fr\/index.php\/wp-json\/wp\/v2\/media\/4179"}],"wp:attachment":[{"href":"http:\/\/s350233878.onlinehome.fr\/index.php\/wp-json\/wp\/v2\/media?parent=4176"}],"wp:term":[{"taxonomy":"product_cat","embeddable":true,"href":"http:\/\/s350233878.onlinehome.fr\/index.php\/wp-json\/wp\/v2\/product_cat?post=4176"},{"taxonomy":"product_tag","embeddable":true,"href":"http:\/\/s350233878.onlinehome.fr\/index.php\/wp-json\/wp\/v2\/product_tag?post=4176"}],"curies":[{"name":"wp","href":"https:\/\/api.w.org\/{rel}","templated":true}]}}