{"id":4172,"date":"2023-12-14T15:15:22","date_gmt":"2023-12-14T14:15:22","guid":{"rendered":"https:\/\/vtbati.fr\/vtbati\/?post_type=product&#038;p=4172"},"modified":"2023-12-14T15:15:25","modified_gmt":"2023-12-14T14:15:25","slug":"socona-entrebailleur-baie-coulissante-airbaie-zamak-epoxy-argent","status":"publish","type":"product","link":"http:\/\/s350233878.onlinehome.fr\/index.php\/produit\/socona-entrebailleur-baie-coulissante-airbaie-zamak-epoxy-argent\/","title":{"rendered":"SOCONA &#8211; Entreb\u00e2illeur baie coulissante AIRBAIE zamak &#8211; \u00e9poxy argent"},"content":{"rendered":"","protected":false},"excerpt":{"rendered":"<div><strong>Id\u00e9al pour baies coulissantes donnant sur balcon, terrasse, rez de chauss\u00e9e, v\u00e9randa.<\/strong><\/p>\n<p>Incrochetable de l\u2019ext\u00e9rieur.<br \/>\nDimensions : 180 x 53 x 25 mm<\/p><\/div>\n<div><\/div>\n<div class=\"attribute product sku\"><span class=\"type\">R\u00e9f. PRO :<\/span>\u00a0<span class=\"value\" data-bind=\"text: selectedArticleSku\">35055428<\/span><\/div>\n<div class=\"attribute product ref\"><span class=\"type\">R\u00e9f. fab :<\/span>\u00a0<span class=\"value\" data-bind=\"text: getReferenceCode()\">B1<\/span><\/div>\n","protected":false},"featured_media":4174,"template":"","meta":[],"product_cat":[667,671,16],"product_tag":[789,86,753,790],"class_list":{"0":"post-4172","1":"product","2":"type-product","3":"status-publish","4":"has-post-thumbnail","6":"product_cat-garnitures-de-portes-et-fenetres","7":"product_cat-garnitures-de-portes-fenetres","8":"product_cat-quincaillerie","9":"product_tag-airbaie-zamak","10":"product_tag-baie-coulissante","11":"product_tag-entrebailleur","12":"product_tag-epoxy-argent","14":"first","15":"instock","16":"taxable","17":"shipping-taxable","18":"purchasable","19":"product-type-simple"},"_links":{"self":[{"href":"http:\/\/s350233878.onlinehome.fr\/index.php\/wp-json\/wp\/v2\/product\/4172","targetHints":{"allow":["GET"]}}],"collection":[{"href":"http:\/\/s350233878.onlinehome.fr\/index.php\/wp-json\/wp\/v2\/product"}],"about":[{"href":"http:\/\/s350233878.onlinehome.fr\/index.php\/wp-json\/wp\/v2\/types\/product"}],"wp:featuredmedia":[{"embeddable":true,"href":"http:\/\/s350233878.onlinehome.fr\/index.php\/wp-json\/wp\/v2\/media\/4174"}],"wp:attachment":[{"href":"http:\/\/s350233878.onlinehome.fr\/index.php\/wp-json\/wp\/v2\/media?parent=4172"}],"wp:term":[{"taxonomy":"product_cat","embeddable":true,"href":"http:\/\/s350233878.onlinehome.fr\/index.php\/wp-json\/wp\/v2\/product_cat?post=4172"},{"taxonomy":"product_tag","embeddable":true,"href":"http:\/\/s350233878.onlinehome.fr\/index.php\/wp-json\/wp\/v2\/product_tag?post=4172"}],"curies":[{"name":"wp","href":"https:\/\/api.w.org\/{rel}","templated":true}]}}