{"id":4153,"date":"2023-12-14T10:16:51","date_gmt":"2023-12-14T09:16:51","guid":{"rendered":"https:\/\/vtbati.fr\/vtbati\/?post_type=product&#038;p=4153"},"modified":"2023-12-14T10:16:53","modified_gmt":"2023-12-14T09:16:53","slug":"bouvet20nouvelle-marteau-acier-de-porte-2353-finition-patine-cemente-verni-longueur-125-mm-hauteur-165-mm","status":"publish","type":"product","link":"http:\/\/s350233878.onlinehome.fr\/index.php\/produit\/bouvet20nouvelle-marteau-acier-de-porte-2353-finition-patine-cemente-verni-longueur-125-mm-hauteur-165-mm\/","title":{"rendered":"BOUVET20NOUVELLE &#8211; Marteau acier de porte 2353 &#8211; Finition : patin\u00e9 c\u00e9ment\u00e9 verni &#8211; Longueur : 125 mm &#8211; Hauteur : 165 mm"},"content":{"rendered":"","protected":false},"excerpt":{"rendered":"<div>Hauteur : 165 mm.<br \/>\nLargeur : 125 mm.<\/div>\n<div><\/div>\n<div class=\"attribute product sku\"><span class=\"type\">R\u00e9f. PRO :<\/span>\u00a0<span class=\"value\" data-bind=\"text: selectedArticleSku\">13971900<\/span><\/div>\n<div class=\"attribute product ref\"><span class=\"type\">R\u00e9f. fab :<\/span>\u00a0<span class=\"value\" data-bind=\"text: getReferenceCode()\">M21C4932<\/span><\/div>\n","protected":false},"featured_media":4155,"template":"","meta":[],"product_cat":[670,667,16],"product_tag":[774,776,775,772,773],"class_list":{"0":"post-4153","1":"product","2":"type-product","3":"status-publish","4":"has-post-thumbnail","6":"product_cat-garnitures-de-portes","7":"product_cat-garnitures-de-portes-et-fenetres","8":"product_cat-quincaillerie","9":"product_tag-finition-patine-cemente-verni","10":"product_tag-hauteur-165-mm","11":"product_tag-longueur-125-mm","12":"product_tag-marteau-acier","13":"product_tag-porte-2353","15":"first","16":"instock","17":"taxable","18":"shipping-taxable","19":"purchasable","20":"product-type-simple"},"_links":{"self":[{"href":"http:\/\/s350233878.onlinehome.fr\/index.php\/wp-json\/wp\/v2\/product\/4153","targetHints":{"allow":["GET"]}}],"collection":[{"href":"http:\/\/s350233878.onlinehome.fr\/index.php\/wp-json\/wp\/v2\/product"}],"about":[{"href":"http:\/\/s350233878.onlinehome.fr\/index.php\/wp-json\/wp\/v2\/types\/product"}],"wp:featuredmedia":[{"embeddable":true,"href":"http:\/\/s350233878.onlinehome.fr\/index.php\/wp-json\/wp\/v2\/media\/4155"}],"wp:attachment":[{"href":"http:\/\/s350233878.onlinehome.fr\/index.php\/wp-json\/wp\/v2\/media?parent=4153"}],"wp:term":[{"taxonomy":"product_cat","embeddable":true,"href":"http:\/\/s350233878.onlinehome.fr\/index.php\/wp-json\/wp\/v2\/product_cat?post=4153"},{"taxonomy":"product_tag","embeddable":true,"href":"http:\/\/s350233878.onlinehome.fr\/index.php\/wp-json\/wp\/v2\/product_tag?post=4153"}],"curies":[{"name":"wp","href":"https:\/\/api.w.org\/{rel}","templated":true}]}}