{"id":4129,"date":"2023-12-14T08:56:24","date_gmt":"2023-12-14T07:56:24","guid":{"rendered":"https:\/\/vtbati.fr\/vtbati\/?post_type=product&#038;p=4129"},"modified":"2023-12-14T08:56:25","modified_gmt":"2023-12-14T07:56:25","slug":"socona-entrebailleur-porte-de-securite-chain-porte","status":"publish","type":"product","link":"http:\/\/s350233878.onlinehome.fr\/index.php\/produit\/socona-entrebailleur-porte-de-securite-chain-porte\/","title":{"rendered":"SOCONA &#8211; Entreb\u00e2illeur porte DE SECURITE CHAIN porte"},"content":{"rendered":"","protected":false},"excerpt":{"rendered":"<div>L&rsquo;\u00a0<strong>entreb\u00e2illeur \u00e0 cha\u00eene<\/strong>\u00a0est incrochetable de l&rsquo;ext\u00e9rieur.<br \/>\nCet\u00a0<strong>entreb\u00e2illeur \u00e0 cha\u00eene<\/strong> est \u00e9galement dot\u00e9 d&rsquo;un reposoir int\u00e9gr\u00e9 et de maillons d&rsquo;acier soud\u00e9s. La cha\u00eene n&rsquo;ab\u00eeme pas le chant de la porte.<br \/>\nDimensions : 175 x 50 x 15 mm<\/div>\n<div><\/div>\n<div class=\"attribute product code-p\"><span class=\"type\">Code P :<\/span>\u00a0<span class=\"value\">P7906T5<\/span><\/div>\n<div class=\"attribute product sku\"><span class=\"type\">R\u00e9f. PRO :<\/span>\u00a0<span class=\"value\" data-bind=\"text: selectedArticleSku\">35055215<\/span><\/div>\n<div class=\"attribute product ref\"><span class=\"type\">R\u00e9f. fab :<\/span>\u00a0<span class=\"value\" data-bind=\"text: getReferenceCode()\">C2<\/span><\/div>\n","protected":false},"featured_media":4130,"template":"","meta":[],"product_cat":[670,667,16],"product_tag":[755,753,499,754],"class_list":{"0":"post-4129","1":"product","2":"type-product","3":"status-publish","4":"has-post-thumbnail","6":"product_cat-garnitures-de-portes","7":"product_cat-garnitures-de-portes-et-fenetres","8":"product_cat-quincaillerie","9":"product_tag-chain","10":"product_tag-entrebailleur","11":"product_tag-porte","12":"product_tag-porte-de-securite","14":"first","15":"instock","16":"taxable","17":"shipping-taxable","18":"purchasable","19":"product-type-simple"},"_links":{"self":[{"href":"http:\/\/s350233878.onlinehome.fr\/index.php\/wp-json\/wp\/v2\/product\/4129","targetHints":{"allow":["GET"]}}],"collection":[{"href":"http:\/\/s350233878.onlinehome.fr\/index.php\/wp-json\/wp\/v2\/product"}],"about":[{"href":"http:\/\/s350233878.onlinehome.fr\/index.php\/wp-json\/wp\/v2\/types\/product"}],"wp:featuredmedia":[{"embeddable":true,"href":"http:\/\/s350233878.onlinehome.fr\/index.php\/wp-json\/wp\/v2\/media\/4130"}],"wp:attachment":[{"href":"http:\/\/s350233878.onlinehome.fr\/index.php\/wp-json\/wp\/v2\/media?parent=4129"}],"wp:term":[{"taxonomy":"product_cat","embeddable":true,"href":"http:\/\/s350233878.onlinehome.fr\/index.php\/wp-json\/wp\/v2\/product_cat?post=4129"},{"taxonomy":"product_tag","embeddable":true,"href":"http:\/\/s350233878.onlinehome.fr\/index.php\/wp-json\/wp\/v2\/product_tag?post=4129"}],"curies":[{"name":"wp","href":"https:\/\/api.w.org\/{rel}","templated":true}]}}