{"id":4125,"date":"2023-12-14T08:51:49","date_gmt":"2023-12-14T07:51:49","guid":{"rendered":"https:\/\/vtbati.fr\/vtbati\/?post_type=product&#038;p=4125"},"modified":"2023-12-14T08:51:51","modified_gmt":"2023-12-14T07:51:51","slug":"dubois20industries-bequille-double-pour-porte-portail-et-grille-dac-noir-polybloc-1p-section-du-carre-7-mm-longueur-du-carre-110-mm-portee","status":"publish","type":"product","link":"http:\/\/s350233878.onlinehome.fr\/index.php\/produit\/dubois20industries-bequille-double-pour-porte-portail-et-grille-dac-noir-polybloc-1p-section-du-carre-7-mm-longueur-du-carre-110-mm-portee\/","title":{"rendered":"DUBOIS20INDUSTRIES &#8211; B\u00e9quille double pour porte, portail et grille DAC NOIR POLYBLOC 1P &#8211; Section du carr\u00e9 : 7 mm &#8211; Longueur du carr\u00e9 : 110 mm &#8211; Port\u00e9e"},"content":{"rendered":"","protected":false},"excerpt":{"rendered":"<div>B\u00e9quille double aluminium coloris noir<br \/>\nsyst\u00e8me de fixation &lsquo;polybloc&rsquo; (fixation assur\u00e9e par une vis cuvette agissant sur l&rsquo;angle du carre).<br \/>\nsection du carr\u00e9 de 6mm<br \/>\n1 port\u00e9e.<\/div>\n<div><\/div>\n<div class=\"attribute product sku\"><span class=\"type\">R\u00e9f. PRO :<\/span>\u00a0<span class=\"value\" data-bind=\"text: selectedArticleSku\">36534028<\/span><\/div>\n<div class=\"attribute product ref\"><span class=\"type\">R\u00e9f. fab :<\/span>\u00a0<span class=\"value\" data-bind=\"text: getReferenceCode()\">100286P<\/span><\/div>\n","protected":false},"featured_media":4127,"template":"","meta":[],"product_cat":[670,671,16],"product_tag":[703,750,749,751,553,499,752,732],"class_list":{"0":"post-4125","1":"product","2":"type-product","3":"status-publish","4":"has-post-thumbnail","6":"product_cat-garnitures-de-portes","7":"product_cat-garnitures-de-portes-fenetres","8":"product_cat-quincaillerie","9":"product_tag-bequille-double","10":"product_tag-dac-noir-polybloc","11":"product_tag-grille","12":"product_tag-longueur-du-carre-110-mm","13":"product_tag-portail","14":"product_tag-porte","15":"product_tag-portee-1","16":"product_tag-section-du-carre-7-mm","18":"first","19":"instock","20":"taxable","21":"shipping-taxable","22":"purchasable","23":"product-type-simple"},"_links":{"self":[{"href":"http:\/\/s350233878.onlinehome.fr\/index.php\/wp-json\/wp\/v2\/product\/4125","targetHints":{"allow":["GET"]}}],"collection":[{"href":"http:\/\/s350233878.onlinehome.fr\/index.php\/wp-json\/wp\/v2\/product"}],"about":[{"href":"http:\/\/s350233878.onlinehome.fr\/index.php\/wp-json\/wp\/v2\/types\/product"}],"wp:featuredmedia":[{"embeddable":true,"href":"http:\/\/s350233878.onlinehome.fr\/index.php\/wp-json\/wp\/v2\/media\/4127"}],"wp:attachment":[{"href":"http:\/\/s350233878.onlinehome.fr\/index.php\/wp-json\/wp\/v2\/media?parent=4125"}],"wp:term":[{"taxonomy":"product_cat","embeddable":true,"href":"http:\/\/s350233878.onlinehome.fr\/index.php\/wp-json\/wp\/v2\/product_cat?post=4125"},{"taxonomy":"product_tag","embeddable":true,"href":"http:\/\/s350233878.onlinehome.fr\/index.php\/wp-json\/wp\/v2\/product_tag?post=4125"}],"curies":[{"name":"wp","href":"https:\/\/api.w.org\/{rel}","templated":true}]}}