{"id":4090,"date":"2023-12-13T16:38:33","date_gmt":"2023-12-13T15:38:33","guid":{"rendered":"https:\/\/vtbati.fr\/vtbati\/?post_type=product&#038;p=4090"},"modified":"2023-12-13T16:38:35","modified_gmt":"2023-12-13T15:38:35","slug":"hoppe-ensemble-sur-plaques-etroites-atlanta-f9714-saillie-reduite-113kh-300lmsgl-1530","status":"publish","type":"product","link":"http:\/\/s350233878.onlinehome.fr\/index.php\/produit\/hoppe-ensemble-sur-plaques-etroites-atlanta-f9714-saillie-reduite-113kh-300lmsgl-1530\/","title":{"rendered":"HOPPE &#8211; Ensemble sur plaques \u00e9troites ATLANTA F9714 saillie r\u00e9duite 113KH\/300LMSGL\/1530"},"content":{"rendered":"","protected":false},"excerpt":{"rendered":"<div><strong>Garniture ATLANTA en aluminium sur plaques \u00e9troites<\/strong>, pour porte-fen\u00eatre.<br \/>\nB\u00e9quille c\u00f4t\u00e9 ext\u00e9rieur : Saillie r\u00e9duite de 15mm.<br \/>\nCertifi\u00e9e selon la norme DIN EN 1906 : 37-0140U, garniture pour b\u00e2timents publics \u00e0 fr\u00e9quentation \u00e9lev\u00e9e\u00a0 Liaison : carr\u00e9 \u00e0 montage rapide HOPPE avec carr\u00e9 plein (poign\u00e9es m\u00e2le\/femelle).<br \/>\nPlaques : piliers de fixation cot\u00e9 ext\u00e9rieur, sans cot\u00e9 int\u00e9rieur Fixation : visible cot\u00e9 int\u00e9rieur, traversante, par vis filet\u00e9es M4.<\/div>\n<div><\/div>\n<div class=\"attribute product code-p\"><span class=\"type\">Code P :<\/span>\u00a0<span class=\"value\">P790KR0<\/span><\/div>\n<div class=\"attribute product sku\"><span class=\"type\">R\u00e9f. PRO:<\/span>\u00a0<span class=\"value\" data-bind=\"text: selectedArticleSku\">66229009<\/span><\/div>\n<div class=\"attribute product ref\"><span class=\"type\">R\u00e9f. fab :<\/span>\u00a0<span class=\"value\" data-bind=\"text: getReferenceCode()\">113KH\/300LMSGL\/1530<\/span><\/div>\n","protected":false},"featured_media":4091,"template":"","meta":[],"product_cat":[669,667,16],"product_tag":[724,726,697,725,723],"class_list":{"0":"post-4090","1":"product","2":"type-product","3":"status-publish","4":"has-post-thumbnail","6":"product_cat-ensembles-de-portes-specifiques","7":"product_cat-garnitures-de-portes-et-fenetres","8":"product_cat-quincaillerie","9":"product_tag-113kh-300lmsgl-1530","10":"product_tag-atlanta-f9714","11":"product_tag-ensemble","12":"product_tag-plaques-etroites","13":"product_tag-saillie-reduite","15":"first","16":"instock","17":"taxable","18":"shipping-taxable","19":"purchasable","20":"product-type-simple"},"_links":{"self":[{"href":"http:\/\/s350233878.onlinehome.fr\/index.php\/wp-json\/wp\/v2\/product\/4090","targetHints":{"allow":["GET"]}}],"collection":[{"href":"http:\/\/s350233878.onlinehome.fr\/index.php\/wp-json\/wp\/v2\/product"}],"about":[{"href":"http:\/\/s350233878.onlinehome.fr\/index.php\/wp-json\/wp\/v2\/types\/product"}],"wp:featuredmedia":[{"embeddable":true,"href":"http:\/\/s350233878.onlinehome.fr\/index.php\/wp-json\/wp\/v2\/media\/4091"}],"wp:attachment":[{"href":"http:\/\/s350233878.onlinehome.fr\/index.php\/wp-json\/wp\/v2\/media?parent=4090"}],"wp:term":[{"taxonomy":"product_cat","embeddable":true,"href":"http:\/\/s350233878.onlinehome.fr\/index.php\/wp-json\/wp\/v2\/product_cat?post=4090"},{"taxonomy":"product_tag","embeddable":true,"href":"http:\/\/s350233878.onlinehome.fr\/index.php\/wp-json\/wp\/v2\/product_tag?post=4090"}],"curies":[{"name":"wp","href":"https:\/\/api.w.org\/{rel}","templated":true}]}}