{"id":4081,"date":"2023-12-13T16:24:05","date_gmt":"2023-12-13T15:24:05","guid":{"rendered":"https:\/\/vtbati.fr\/vtbati\/?post_type=product&#038;p=4081"},"modified":"2023-12-13T16:24:07","modified_gmt":"2023-12-13T15:24:07","slug":"midi-ensemble-paliere-de-securite-31-op54-55d1ff6","status":"publish","type":"product","link":"http:\/\/s350233878.onlinehome.fr\/index.php\/produit\/midi-ensemble-paliere-de-securite-31-op54-55d1ff6\/","title":{"rendered":"MIDI &#8211; Ensemble pali\u00e8re &#038; de s\u00e9curit\u00e9 31 OP54\/55D1FF6"},"content":{"rendered":"","protected":false},"excerpt":{"rendered":"<div>Ensemble de s\u00e9curit\u00e9 poign\u00e9e int\u00e9rieur \/ ext\u00e9rieure en aluminium dor\u00e9 ou naturel.<\/div>\n<div><\/div>\n<div class=\"attribute product code-p\"><span class=\"type\">Code P :<\/span>\u00a0<span class=\"value\">P79YWRZ<\/span><\/div>\n<div class=\"attribute product sku\"><span class=\"type\">R\u00e9f. PRO :<\/span>\u00a0<span class=\"value\" data-bind=\"text: selectedArticleSku\">63286001<\/span><\/div>\n<div class=\"attribute product ref\"><span class=\"type\">R\u00e9f. fab :<\/span>\u00a0<span class=\"value\" data-bind=\"text: getReferenceCode()\">31 OP55D1FF6<\/span><\/div>\n","protected":false},"featured_media":4082,"template":"","meta":[],"product_cat":[669,667,16],"product_tag":[720,697,719],"class_list":{"0":"post-4081","1":"product","2":"type-product","3":"status-publish","4":"has-post-thumbnail","6":"product_cat-ensembles-de-portes-specifiques","7":"product_cat-garnitures-de-portes-et-fenetres","8":"product_cat-quincaillerie","9":"product_tag-31-op54-55d1ff6","10":"product_tag-ensemble","11":"product_tag-paliere-de-securite","13":"first","14":"instock","15":"taxable","16":"shipping-taxable","17":"purchasable","18":"product-type-simple"},"_links":{"self":[{"href":"http:\/\/s350233878.onlinehome.fr\/index.php\/wp-json\/wp\/v2\/product\/4081","targetHints":{"allow":["GET"]}}],"collection":[{"href":"http:\/\/s350233878.onlinehome.fr\/index.php\/wp-json\/wp\/v2\/product"}],"about":[{"href":"http:\/\/s350233878.onlinehome.fr\/index.php\/wp-json\/wp\/v2\/types\/product"}],"wp:featuredmedia":[{"embeddable":true,"href":"http:\/\/s350233878.onlinehome.fr\/index.php\/wp-json\/wp\/v2\/media\/4082"}],"wp:attachment":[{"href":"http:\/\/s350233878.onlinehome.fr\/index.php\/wp-json\/wp\/v2\/media?parent=4081"}],"wp:term":[{"taxonomy":"product_cat","embeddable":true,"href":"http:\/\/s350233878.onlinehome.fr\/index.php\/wp-json\/wp\/v2\/product_cat?post=4081"},{"taxonomy":"product_tag","embeddable":true,"href":"http:\/\/s350233878.onlinehome.fr\/index.php\/wp-json\/wp\/v2\/product_tag?post=4081"}],"curies":[{"name":"wp","href":"https:\/\/api.w.org\/{rel}","templated":true}]}}