{"id":4069,"date":"2023-12-13T15:47:13","date_gmt":"2023-12-13T14:47:13","guid":{"rendered":"https:\/\/vtbati.fr\/vtbati\/?post_type=product&#038;p=4069"},"modified":"2023-12-13T15:47:16","modified_gmt":"2023-12-13T14:47:16","slug":"vachette-ensemble-porte-paliere-jazz-p533-6311-sur-grande-plaque-fonction-cle-i-epaisseur-de-porte-40-mm-section-du-carre-70-mm","status":"publish","type":"product","link":"http:\/\/s350233878.onlinehome.fr\/index.php\/produit\/vachette-ensemble-porte-paliere-jazz-p533-6311-sur-grande-plaque-fonction-cle-i-epaisseur-de-porte-40-mm-section-du-carre-70-mm\/","title":{"rendered":"VACHETTE &#8211; Ensemble porte pali\u00e8re JAZZ P533\/6311 sur grande plaque &#8211; Fonction : cl\u00e9 I &#8211; \u00c9paisseur de porte : 40 mm &#8211; Section du carr\u00e9 : 70 mm"},"content":{"rendered":"","protected":false},"excerpt":{"rendered":"<div class=\"attribute product sku\"><span class=\"type\"><strong>Ensemble complet, b\u00e9quilles et plaques solidaris\u00e9es.<\/strong><br \/>\nEnsemble grande plaque\u00a0 b\u00e9quille c\u00f4t\u00e9 int\u00e9rieur et poign\u00e9e de tirage r\u00e9versible c\u00f4t\u00e9 ext\u00e9rieur .<br \/>\nAvec tige de 7 mm et vis pour porte \u00e9paisseur 40 mm et entraxe 70 mm.<\/span><\/div>\n<div class=\"attribute product sku\"><\/div>\n<div class=\"attribute product sku\"><span class=\"type\">R\u00e9f. PRO :<\/span>\u00a0<span class=\"value\" data-bind=\"text: selectedArticleSku\">18185857<\/span><\/div>\n<div class=\"attribute product ref\"><span class=\"type\">R\u00e9f. fab:<\/span>\u00a0<span class=\"value\" data-bind=\"text: getReferenceCode()\">51196<\/span><\/div>\n","protected":false},"featured_media":4070,"template":"","meta":[],"product_cat":[668,667,16],"product_tag":[680,713,700,715,675,712,711,714],"class_list":{"0":"post-4069","1":"product","2":"type-product","3":"status-publish","4":"has-post-thumbnail","6":"product_cat-ensembles-de-portes","7":"product_cat-garnitures-de-portes-et-fenetres","8":"product_cat-quincaillerie","9":"product_tag-40-mm","10":"product_tag-cle-i","11":"product_tag-ensemble-porte","12":"product_tag-epaisseur-de-porte-40-mm","13":"product_tag-grande-plaque","14":"product_tag-jazz-p533-6311","15":"product_tag-porte-paliere","16":"product_tag-section-du-carre-70-mm","18":"first","19":"instock","20":"taxable","21":"shipping-taxable","22":"purchasable","23":"product-type-simple"},"_links":{"self":[{"href":"http:\/\/s350233878.onlinehome.fr\/index.php\/wp-json\/wp\/v2\/product\/4069","targetHints":{"allow":["GET"]}}],"collection":[{"href":"http:\/\/s350233878.onlinehome.fr\/index.php\/wp-json\/wp\/v2\/product"}],"about":[{"href":"http:\/\/s350233878.onlinehome.fr\/index.php\/wp-json\/wp\/v2\/types\/product"}],"wp:featuredmedia":[{"embeddable":true,"href":"http:\/\/s350233878.onlinehome.fr\/index.php\/wp-json\/wp\/v2\/media\/4070"}],"wp:attachment":[{"href":"http:\/\/s350233878.onlinehome.fr\/index.php\/wp-json\/wp\/v2\/media?parent=4069"}],"wp:term":[{"taxonomy":"product_cat","embeddable":true,"href":"http:\/\/s350233878.onlinehome.fr\/index.php\/wp-json\/wp\/v2\/product_cat?post=4069"},{"taxonomy":"product_tag","embeddable":true,"href":"http:\/\/s350233878.onlinehome.fr\/index.php\/wp-json\/wp\/v2\/product_tag?post=4069"}],"curies":[{"name":"wp","href":"https:\/\/api.w.org\/{rel}","templated":true}]}}