{"id":4033,"date":"2023-12-13T14:50:38","date_gmt":"2023-12-13T13:50:38","guid":{"rendered":"https:\/\/vtbati.fr\/vtbati\/?post_type=product&#038;p=4033"},"modified":"2023-12-13T14:50:40","modified_gmt":"2023-12-13T13:50:40","slug":"tupai20sa-ensemble-bequille-2275-5sq-153","status":"publish","type":"product","link":"http:\/\/s350233878.onlinehome.fr\/index.php\/produit\/tupai20sa-ensemble-bequille-2275-5sq-153\/","title":{"rendered":"TUPAI20SA &#8211; Ensemble b\u00e9quille 2275 5SQ-153"},"content":{"rendered":"","protected":false},"excerpt":{"rendered":"<p>B\u00e9quille haut de gamme en zamak mod\u00e8le 2275 en rosace carr\u00e9e.<\/p>\n<div class=\"attribute product sku\"><span class=\"type\">R\u00e9f. PRO :<\/span>\u00a0<span class=\"value\" data-bind=\"text: selectedArticleSku\">68961580<\/span><\/div>\n<div class=\"attribute product ref\"><span class=\"type\">R\u00e9f. fab :<\/span>\u00a0<span class=\"value\" data-bind=\"text: getReferenceCode()\">2275 5SQ-153<\/span><\/div>\n","protected":false},"featured_media":0,"template":"","meta":[],"product_cat":[668,667,16],"product_tag":[690,673],"class_list":{"0":"post-4033","1":"product","2":"type-product","3":"status-publish","5":"product_cat-ensembles-de-portes","6":"product_cat-garnitures-de-portes-et-fenetres","7":"product_cat-quincaillerie","8":"product_tag-2275-5sq-153","9":"product_tag-ensemble-bequille","11":"first","12":"instock","13":"taxable","14":"shipping-taxable","15":"purchasable","16":"product-type-simple"},"_links":{"self":[{"href":"http:\/\/s350233878.onlinehome.fr\/index.php\/wp-json\/wp\/v2\/product\/4033","targetHints":{"allow":["GET"]}}],"collection":[{"href":"http:\/\/s350233878.onlinehome.fr\/index.php\/wp-json\/wp\/v2\/product"}],"about":[{"href":"http:\/\/s350233878.onlinehome.fr\/index.php\/wp-json\/wp\/v2\/types\/product"}],"wp:attachment":[{"href":"http:\/\/s350233878.onlinehome.fr\/index.php\/wp-json\/wp\/v2\/media?parent=4033"}],"wp:term":[{"taxonomy":"product_cat","embeddable":true,"href":"http:\/\/s350233878.onlinehome.fr\/index.php\/wp-json\/wp\/v2\/product_cat?post=4033"},{"taxonomy":"product_tag","embeddable":true,"href":"http:\/\/s350233878.onlinehome.fr\/index.php\/wp-json\/wp\/v2\/product_tag?post=4033"}],"curies":[{"name":"wp","href":"https:\/\/api.w.org\/{rel}","templated":true}]}}