{"id":4022,"date":"2023-12-13T14:38:54","date_gmt":"2023-12-13T13:38:54","guid":{"rendered":"https:\/\/vtbati.fr\/vtbati\/?post_type=product&#038;p=4022"},"modified":"2023-12-13T14:38:56","modified_gmt":"2023-12-13T13:38:56","slug":"xhander-ensemble-sur-rosace-hudson-692-inox-c7-ospial-avec-bequille-38-55-mm-bec-de-cane","status":"publish","type":"product","link":"http:\/\/s350233878.onlinehome.fr\/index.php\/produit\/xhander-ensemble-sur-rosace-hudson-692-inox-c7-ospial-avec-bequille-38-55-mm-bec-de-cane\/","title":{"rendered":"XHANDER &#8211; Ensemble sur rosace HUDSON 692 inox C7 OSPIAL avec b\u00e9quille &#8211; 38\/55 mm &#8211; bec de cane"},"content":{"rendered":"<p>Inox 304.<br \/>\nPour portes d&rsquo;\u00e9paisseur 38 \u00e0 43 mm.<br \/>\nRessort de rappel.<br \/>\n\u00c9paisseur inox 0,8 mm.<br \/>\nDiam\u00e8tre b\u00e9quille : 19 mm.<br \/>\nCarr\u00e9 fendu de 7 x 110 mm.<br \/>\nFixations invisibles par vis bois ou traversantes.<br \/>\nLivr\u00e9 sans rosace de fonction.<\/p>\n<div class=\"attribute product sku\"><span class=\"type\">R\u00e9f. PRO :<\/span>\u00a0<span class=\"value\" data-bind=\"text: selectedArticleSku\">69056113<\/span><\/div>\n<div class=\"attribute product ref\"><span class=\"type\">R\u00e9f. fab :<\/span>\u00a0<span class=\"value\" data-bind=\"text: getReferenceCode()\">XH-BEQ-HUDSON692<\/span><\/div>\n","protected":false},"excerpt":{"rendered":"<p>Inox 304. Pour portes d&rsquo;\u00e9paisseur 38 \u00e0 43 mm. Ressort de rappel. \u00c9paisseur inox 0,8 mm. Diam\u00e8tre b\u00e9quille : 19 mm. Carr\u00e9 fendu de 7 x 110 mm. Fixations invisibles&hellip;<\/p>\n","protected":false},"featured_media":4023,"template":"","meta":[],"product_cat":[668,667,16],"product_tag":[687,681,603,686,683,684,685],"class_list":{"0":"post-4022","1":"product","2":"type-product","3":"status-publish","4":"has-post-thumbnail","6":"product_cat-ensembles-de-portes","7":"product_cat-garnitures-de-portes-et-fenetres","8":"product_cat-quincaillerie","9":"product_tag-38-55-mm","10":"product_tag-bec-de-cane","11":"product_tag-bequille","12":"product_tag-c7-ospial","13":"product_tag-ensemble-sur-rosace","14":"product_tag-hudson-692","15":"product_tag-inox","17":"first","18":"instock","19":"taxable","20":"shipping-taxable","21":"purchasable","22":"product-type-simple"},"_links":{"self":[{"href":"http:\/\/s350233878.onlinehome.fr\/index.php\/wp-json\/wp\/v2\/product\/4022","targetHints":{"allow":["GET"]}}],"collection":[{"href":"http:\/\/s350233878.onlinehome.fr\/index.php\/wp-json\/wp\/v2\/product"}],"about":[{"href":"http:\/\/s350233878.onlinehome.fr\/index.php\/wp-json\/wp\/v2\/types\/product"}],"wp:featuredmedia":[{"embeddable":true,"href":"http:\/\/s350233878.onlinehome.fr\/index.php\/wp-json\/wp\/v2\/media\/4023"}],"wp:attachment":[{"href":"http:\/\/s350233878.onlinehome.fr\/index.php\/wp-json\/wp\/v2\/media?parent=4022"}],"wp:term":[{"taxonomy":"product_cat","embeddable":true,"href":"http:\/\/s350233878.onlinehome.fr\/index.php\/wp-json\/wp\/v2\/product_cat?post=4022"},{"taxonomy":"product_tag","embeddable":true,"href":"http:\/\/s350233878.onlinehome.fr\/index.php\/wp-json\/wp\/v2\/product_tag?post=4022"}],"curies":[{"name":"wp","href":"https:\/\/api.w.org\/{rel}","templated":true}]}}