{"id":4016,"date":"2023-12-13T11:05:31","date_gmt":"2023-12-13T10:05:31","guid":{"rendered":"https:\/\/vtbati.fr\/vtbati\/?post_type=product&#038;p=4016"},"modified":"2023-12-13T11:05:34","modified_gmt":"2023-12-13T10:05:34","slug":"vachette-ensemble-bequille-muze-sur-grande-plaque-entraxe-195-mm-40-mm-bec-de-cane-chrome-velours","status":"publish","type":"product","link":"http:\/\/s350233878.onlinehome.fr\/index.php\/produit\/vachette-ensemble-bequille-muze-sur-grande-plaque-entraxe-195-mm-40-mm-bec-de-cane-chrome-velours\/","title":{"rendered":"VACHETTE &#8211; Ensemble b\u00e9quille MUZE sur grande plaque (entraxe 195 mm) &#8211; 40 mm &#8211; bec de cane &#8211; chrom\u00e9 velours"},"content":{"rendered":"","protected":false},"excerpt":{"rendered":"<p>Ensemble poign\u00e9e MUZE sur grande plaque entraxe 195 mm, finition chrom\u00e9 velours.<\/p>\n<div class=\"attribute product sku\"><span class=\"type\">R\u00e9f. PRO :<\/span>\u00a0<span class=\"value\" data-bind=\"text: selectedArticleSku\">52149541<\/span><\/div>\n<div class=\"attribute product ref\"><span class=\"type\">R\u00e9f. fab :<\/span>\u00a0<span class=\"value\" data-bind=\"text: getReferenceCode()\">86441<\/span><\/div>\n","protected":false},"featured_media":4017,"template":"","meta":[],"product_cat":[668,671,16],"product_tag":[680,681,682,673,679,675,678],"class_list":{"0":"post-4016","1":"product","2":"type-product","3":"status-publish","4":"has-post-thumbnail","6":"product_cat-ensembles-de-portes","7":"product_cat-garnitures-de-portes-fenetres","8":"product_cat-quincaillerie","9":"product_tag-40-mm","10":"product_tag-bec-de-cane","11":"product_tag-chrome-velours","12":"product_tag-ensemble-bequille","13":"product_tag-entraxe-195-mm","14":"product_tag-grande-plaque","15":"product_tag-muze","17":"first","18":"instock","19":"taxable","20":"shipping-taxable","21":"purchasable","22":"product-type-simple"},"_links":{"self":[{"href":"http:\/\/s350233878.onlinehome.fr\/index.php\/wp-json\/wp\/v2\/product\/4016","targetHints":{"allow":["GET"]}}],"collection":[{"href":"http:\/\/s350233878.onlinehome.fr\/index.php\/wp-json\/wp\/v2\/product"}],"about":[{"href":"http:\/\/s350233878.onlinehome.fr\/index.php\/wp-json\/wp\/v2\/types\/product"}],"wp:featuredmedia":[{"embeddable":true,"href":"http:\/\/s350233878.onlinehome.fr\/index.php\/wp-json\/wp\/v2\/media\/4017"}],"wp:attachment":[{"href":"http:\/\/s350233878.onlinehome.fr\/index.php\/wp-json\/wp\/v2\/media?parent=4016"}],"wp:term":[{"taxonomy":"product_cat","embeddable":true,"href":"http:\/\/s350233878.onlinehome.fr\/index.php\/wp-json\/wp\/v2\/product_cat?post=4016"},{"taxonomy":"product_tag","embeddable":true,"href":"http:\/\/s350233878.onlinehome.fr\/index.php\/wp-json\/wp\/v2\/product_tag?post=4016"}],"curies":[{"name":"wp","href":"https:\/\/api.w.org\/{rel}","templated":true}]}}