{"id":4008,"date":"2023-12-13T10:55:02","date_gmt":"2023-12-13T09:55:02","guid":{"rendered":"https:\/\/vtbati.fr\/vtbati\/?post_type=product&#038;p=4008"},"modified":"2023-12-13T11:00:33","modified_gmt":"2023-12-13T10:00:33","slug":"hoppe-ensemble-bequille-confluence-sur-grande-plaque-entraxe-195-mm","status":"publish","type":"product","link":"http:\/\/s350233878.onlinehome.fr\/index.php\/produit\/hoppe-ensemble-bequille-confluence-sur-grande-plaque-entraxe-195-mm\/","title":{"rendered":"HOPPE &#8211; Ensemble b\u00e9quille CONFLUENCE sur grande plaque (entraxe 195 mm)"},"content":{"rendered":"","protected":false},"excerpt":{"rendered":"<p><strong>Ensemble en aluminium anodis\u00e9 sur plaque arrondie.<\/strong><\/p>\n<p>B\u00e9quilles avec empreintes de doigts.<br \/>\nPlaques fondues avec piliers moul\u00e9s et taraud\u00e9s.<br \/>\nB\u00e9quilles et plaques solidaris\u00e9es (ensemble monobloc) pour les fonctions Bec de cane, Cl\u00e9 L et Condamnation.<br \/>\nGarniture libre pour la fonction Cl\u00e9 I, avec carr\u00e9 \u00e0 montage rapide. Cette technique innovante, brevet\u00e9e par HOPPE, permet un montage en seulement 8 secondes\u00a0!<\/p>\n<div class=\"attribute product code-p\"><span class=\"type\">Code P :<\/span>\u00a0<span class=\"value\">P790EDD<\/span><\/div>\n<div class=\"attribute product sku\"><span class=\"type\">R\u00e9f. PRO :<\/span>\u00a0<span class=\"value\" data-bind=\"text: selectedArticleSku\">55426163<\/span><\/div>\n<div class=\"attribute product ref\"><span class=\"type\">R\u00e9f. fab :<\/span>\u00a0<span class=\"value\" data-bind=\"text: getReferenceCode()\">3821226<\/span><\/div>\n","protected":false},"featured_media":4010,"template":"","meta":[],"product_cat":[668,667,16],"product_tag":[677,674,673,676,675],"class_list":{"0":"post-4008","1":"product","2":"type-product","3":"status-publish","4":"has-post-thumbnail","6":"product_cat-ensembles-de-portes","7":"product_cat-garnitures-de-portes-et-fenetres","8":"product_cat-quincaillerie","9":"product_tag-195-mm","10":"product_tag-confluence","11":"product_tag-ensemble-bequille","12":"product_tag-entraxe","13":"product_tag-grande-plaque","15":"first","16":"instock","17":"taxable","18":"shipping-taxable","19":"purchasable","20":"product-type-simple"},"_links":{"self":[{"href":"http:\/\/s350233878.onlinehome.fr\/index.php\/wp-json\/wp\/v2\/product\/4008","targetHints":{"allow":["GET"]}}],"collection":[{"href":"http:\/\/s350233878.onlinehome.fr\/index.php\/wp-json\/wp\/v2\/product"}],"about":[{"href":"http:\/\/s350233878.onlinehome.fr\/index.php\/wp-json\/wp\/v2\/types\/product"}],"wp:featuredmedia":[{"embeddable":true,"href":"http:\/\/s350233878.onlinehome.fr\/index.php\/wp-json\/wp\/v2\/media\/4010"}],"wp:attachment":[{"href":"http:\/\/s350233878.onlinehome.fr\/index.php\/wp-json\/wp\/v2\/media?parent=4008"}],"wp:term":[{"taxonomy":"product_cat","embeddable":true,"href":"http:\/\/s350233878.onlinehome.fr\/index.php\/wp-json\/wp\/v2\/product_cat?post=4008"},{"taxonomy":"product_tag","embeddable":true,"href":"http:\/\/s350233878.onlinehome.fr\/index.php\/wp-json\/wp\/v2\/product_tag?post=4008"}],"curies":[{"name":"wp","href":"https:\/\/api.w.org\/{rel}","templated":true}]}}