{"id":4003,"date":"2023-12-13T10:42:35","date_gmt":"2023-12-13T09:42:35","guid":{"rendered":"https:\/\/vtbati.fr\/vtbati\/?post_type=product&#038;p=4003"},"modified":"2023-12-13T10:42:37","modified_gmt":"2023-12-13T09:42:37","slug":"comtra-ferme-imposte-a-cable-boxmis030-a-manivelle","status":"publish","type":"product","link":"http:\/\/s350233878.onlinehome.fr\/index.php\/produit\/comtra-ferme-imposte-a-cable-boxmis030-a-manivelle\/","title":{"rendered":"COMTRA &#8211; Ferme-imposte \u00e0 c\u00e2ble BOXMIS030 \u00e0 manivelle"},"content":{"rendered":"","protected":false},"excerpt":{"rendered":"<p><strong>Ferme-imposte \u00e0 c\u00e2ble souple 1 point de fermeture.<br \/>\nFerme-imposte \u00e0 treuil et manivelle.<br \/>\nOuverture progressive de 0 \u00e0 450 mm.<\/strong><\/p>\n<p>Commande individuelle pour ch\u00e2ssis vertical tombant int\u00e9rieur (dit \u201c\u00e0 soufflet\u201d) ou ext\u00e9rieur, en bois, PVC et aluminium.<br \/>\nLa course de 450 mm peut \u00eatre facilement r\u00e9duite sur le chantier par raccourcissement du c\u00e2ble en partie haute et du tube magasin \u00e9ventuellement.<br \/>\nType de liaison : c\u00e2ble moteur \u00e0 spire \u00d8 6 mm, longueur 500 mm, raccord\u00e9 \u00e0 un c\u00e2ble souple de \u00d8 3,5 mm.<br \/>\nTube de protection : \u00d8 8 mm, \u00e0 embo\u00eeture, en acier galva, cintrable au rayon de 50 mm mini., 3 coudes maxi.<br \/>\nLe ferme-imposte MISTRAL pour ch\u00e2ssis soufflet (liaison 3000 mm ou 5000 mm) est livr\u00e9 en emballage individuel en bo\u00eete (version box).<\/p>\n<div class=\"attribute product code-p\"><span class=\"type\">Code P :<\/span>\u00a0<span class=\"value\">P7904J2<\/span><\/div>\n<div class=\"attribute product sku\"><span class=\"type\">R\u00e9f. PRO :<\/span>\u00a0<span class=\"value\" data-bind=\"text: selectedArticleSku\">32776922<\/span><\/div>\n<div class=\"attribute product ref\"><span class=\"type\">R\u00e9f. fab :<\/span>\u00a0<span class=\"value\" data-bind=\"text: getReferenceCode()\">BOXMIS030_ST<\/span><\/div>\n","protected":false},"featured_media":4004,"template":"","meta":[],"product_cat":[617,613,16],"product_tag":[659,666,665,655],"class_list":{"0":"post-4003","1":"product","2":"type-product","3":"status-publish","4":"has-post-thumbnail","6":"product_cat-ferme-impostes-et-accessoires","7":"product_cat-ferme-portes-aide-a-la-fermeture-des-portes-et-fenetres","8":"product_cat-quincaillerie","9":"product_tag-a-cable","10":"product_tag-a-manivelle","11":"product_tag-boxmis030","12":"product_tag-ferme-imposte","14":"first","15":"instock","16":"taxable","17":"shipping-taxable","18":"purchasable","19":"product-type-simple"},"_links":{"self":[{"href":"http:\/\/s350233878.onlinehome.fr\/index.php\/wp-json\/wp\/v2\/product\/4003","targetHints":{"allow":["GET"]}}],"collection":[{"href":"http:\/\/s350233878.onlinehome.fr\/index.php\/wp-json\/wp\/v2\/product"}],"about":[{"href":"http:\/\/s350233878.onlinehome.fr\/index.php\/wp-json\/wp\/v2\/types\/product"}],"wp:featuredmedia":[{"embeddable":true,"href":"http:\/\/s350233878.onlinehome.fr\/index.php\/wp-json\/wp\/v2\/media\/4004"}],"wp:attachment":[{"href":"http:\/\/s350233878.onlinehome.fr\/index.php\/wp-json\/wp\/v2\/media?parent=4003"}],"wp:term":[{"taxonomy":"product_cat","embeddable":true,"href":"http:\/\/s350233878.onlinehome.fr\/index.php\/wp-json\/wp\/v2\/product_cat?post=4003"},{"taxonomy":"product_tag","embeddable":true,"href":"http:\/\/s350233878.onlinehome.fr\/index.php\/wp-json\/wp\/v2\/product_tag?post=4003"}],"curies":[{"name":"wp","href":"https:\/\/api.w.org\/{rel}","templated":true}]}}