{"id":4000,"date":"2023-12-13T10:37:30","date_gmt":"2023-12-13T09:37:30","guid":{"rendered":"https:\/\/vtbati.fr\/vtbati\/?post_type=product&#038;p=4000"},"modified":"2023-12-13T10:38:26","modified_gmt":"2023-12-13T09:38:26","slug":"4000","status":"publish","type":"product","link":"http:\/\/s350233878.onlinehome.fr\/index.php\/produit\/4000\/","title":{"rendered":"GROOM &#8211; Ferme-imposte \u00e0 c\u00e2ble \u00e9quipement complet LIOBAL 500 \u00e0 glissi\u00e8re &#8211; 3 m &#8211; acier zingu\u00e9"},"content":{"rendered":"","protected":false},"excerpt":{"rendered":"<p>Ferme-imposte \u00e0 c\u00e2ble souple et poign\u00e9e coulissante.<br \/>\nCon\u00e7u pour actionner des ch\u00e2ssis abattant int\u00e9rieur jusqu\u2019\u00e0 25 kg.<\/p>\n<p>Caract\u00e9ristiques :<br \/>\n&#8211; 1 poign\u00e9e alu avec but\u00e9e.<br \/>\n&#8211; 1 glissi\u00e8re de 600 mm en acier zingu\u00e9, course r\u00e9glable avec ouverture de 500 mm maxi.<br \/>\n&#8211; Tubes cintrables en acier zingu\u00e9.<br \/>\n&#8211; Rayon de cintrage des tubes, \u00e0 respecter 90 mm.<br \/>\n&#8211; C\u00e2ble souple \u00e0 longueur.<\/p>\n<div class=\"attribute product sku\"><span class=\"type\">R\u00e9f. PRO :<\/span>\u00a0<span class=\"value\" data-bind=\"text: selectedArticleSku\">51452364<\/span><\/div>\n<div class=\"attribute product ref\"><span class=\"type\">R\u00e9f. fab :<\/span>\u00a0<span class=\"value\" data-bind=\"text: getReferenceCode()\">GRDKF0503<\/span><\/div>\n","protected":false},"featured_media":3999,"template":"","meta":[],"product_cat":[617,613,16],"product_tag":[663,659,662,664,660,655,661],"class_list":{"0":"post-4000","1":"product","2":"type-product","3":"status-publish","4":"has-post-thumbnail","6":"product_cat-ferme-impostes-et-accessoires","7":"product_cat-ferme-portes-aide-a-la-fermeture-des-portes-et-fenetres","8":"product_cat-quincaillerie","9":"product_tag-3-m","10":"product_tag-a-cable","11":"product_tag-a-glissiere","12":"product_tag-acier-zingue","13":"product_tag-equipement-complet","14":"product_tag-ferme-imposte","15":"product_tag-liobal-500","17":"first","18":"instock","19":"taxable","20":"shipping-taxable","21":"purchasable","22":"product-type-simple"},"_links":{"self":[{"href":"http:\/\/s350233878.onlinehome.fr\/index.php\/wp-json\/wp\/v2\/product\/4000","targetHints":{"allow":["GET"]}}],"collection":[{"href":"http:\/\/s350233878.onlinehome.fr\/index.php\/wp-json\/wp\/v2\/product"}],"about":[{"href":"http:\/\/s350233878.onlinehome.fr\/index.php\/wp-json\/wp\/v2\/types\/product"}],"wp:featuredmedia":[{"embeddable":true,"href":"http:\/\/s350233878.onlinehome.fr\/index.php\/wp-json\/wp\/v2\/media\/3999"}],"wp:attachment":[{"href":"http:\/\/s350233878.onlinehome.fr\/index.php\/wp-json\/wp\/v2\/media?parent=4000"}],"wp:term":[{"taxonomy":"product_cat","embeddable":true,"href":"http:\/\/s350233878.onlinehome.fr\/index.php\/wp-json\/wp\/v2\/product_cat?post=4000"},{"taxonomy":"product_tag","embeddable":true,"href":"http:\/\/s350233878.onlinehome.fr\/index.php\/wp-json\/wp\/v2\/product_tag?post=4000"}],"curies":[{"name":"wp","href":"https:\/\/api.w.org\/{rel}","templated":true}]}}