{"id":3973,"date":"2023-12-13T10:02:45","date_gmt":"2023-12-13T09:02:45","guid":{"rendered":"https:\/\/vtbati.fr\/vtbati\/?post_type=product&#038;p=3973"},"modified":"2023-12-13T10:02:46","modified_gmt":"2023-12-13T09:02:46","slug":"xhander-pivot-reglable-haut-et-bas-a-visser-xhander-50-mm","status":"publish","type":"product","link":"http:\/\/s350233878.onlinehome.fr\/index.php\/produit\/xhander-pivot-reglable-haut-et-bas-a-visser-xhander-50-mm\/","title":{"rendered":"XHANDER &#8211; Pivot r\u00e9glable haut et bas \u00e0 visser XHANDER &#8211; 50 mm"},"content":{"rendered":"","protected":false},"excerpt":{"rendered":"<p>Pivot r\u00e9glable avec patte en \u00ab\u00a0L\u00a0\u00bb \u00e0 visser pour portails battants lourds automatis\u00e9s ou manuels, comprenant pivot haut et bas.<br \/>\nAvec roulement et graisseur.<\/p>\n<div class=\"attribute product sku\"><span class=\"type\">R\u00e9f. PRO :<\/span>\u00a0<span class=\"value\" data-bind=\"text: selectedArticleSku\">68998239<\/span><\/div>\n<div class=\"attribute product ref\"><span class=\"type\">R\u00e9f. fab :<\/span>\u00a0<span class=\"value\" data-bind=\"text: getReferenceCode()\">XH-052<\/span><\/div>\n","protected":false},"featured_media":3974,"template":"","meta":[],"product_cat":[613,615,16],"product_tag":[644,646,642,645],"class_list":{"0":"post-3973","1":"product","2":"type-product","3":"status-publish","4":"has-post-thumbnail","6":"product_cat-ferme-portes-aide-a-la-fermeture-des-portes-et-fenetres","7":"product_cat-pivots-de-porte-et-accessoires","8":"product_cat-quincaillerie","9":"product_tag-50-mm","10":"product_tag-a-visser","11":"product_tag-haut-et-bas","12":"product_tag-pivot-reglable","14":"first","15":"instock","16":"taxable","17":"shipping-taxable","18":"purchasable","19":"product-type-simple"},"_links":{"self":[{"href":"http:\/\/s350233878.onlinehome.fr\/index.php\/wp-json\/wp\/v2\/product\/3973","targetHints":{"allow":["GET"]}}],"collection":[{"href":"http:\/\/s350233878.onlinehome.fr\/index.php\/wp-json\/wp\/v2\/product"}],"about":[{"href":"http:\/\/s350233878.onlinehome.fr\/index.php\/wp-json\/wp\/v2\/types\/product"}],"wp:featuredmedia":[{"embeddable":true,"href":"http:\/\/s350233878.onlinehome.fr\/index.php\/wp-json\/wp\/v2\/media\/3974"}],"wp:attachment":[{"href":"http:\/\/s350233878.onlinehome.fr\/index.php\/wp-json\/wp\/v2\/media?parent=3973"}],"wp:term":[{"taxonomy":"product_cat","embeddable":true,"href":"http:\/\/s350233878.onlinehome.fr\/index.php\/wp-json\/wp\/v2\/product_cat?post=3973"},{"taxonomy":"product_tag","embeddable":true,"href":"http:\/\/s350233878.onlinehome.fr\/index.php\/wp-json\/wp\/v2\/product_tag?post=3973"}],"curies":[{"name":"wp","href":"https:\/\/api.w.org\/{rel}","templated":true}]}}