{"id":3956,"date":"2023-12-11T16:47:27","date_gmt":"2023-12-11T15:47:27","guid":{"rendered":"https:\/\/vtbati.fr\/vtbati\/?post_type=product&#038;p=3956"},"modified":"2023-12-11T16:47:29","modified_gmt":"2023-12-11T15:47:29","slug":"dormakaba-bandeau-selecteur-de-fermeture-641120-avec-asservissement-argent","status":"publish","type":"product","link":"http:\/\/s350233878.onlinehome.fr\/index.php\/produit\/dormakaba-bandeau-selecteur-de-fermeture-641120-avec-asservissement-argent\/","title":{"rendered":"DORMAKABA &#8211; Bandeau s\u00e9lecteur de fermeture 641120 avec asservissement &#8211; argent"},"content":{"rendered":"","protected":false},"excerpt":{"rendered":"<p><strong>Bandeau pour porte \u00e0 2 vantaux, montage c\u00f4t\u00e9 paumelles, avec asservissement.<\/strong><\/p>\n<p>Bandeau pour bloc porte 2 vantaux coupe-feu et pare-flammes, montage c\u00f4t\u00e9 paumelles, avec s\u00e9lection de fermeture et asservissement s\u00e9curit\u00e9 incendie. Certificats de conformit\u00e9s, disponibles sur demande :<br \/>\nNormes produit EN 1155 (Dispositif d&rsquo;arr\u00eat \u00e9lectrom\u00e9canique marqu\u00e9 CE), EN 1158 (R\u00e9gulateur\/S\u00e9lecteur de fermeture m\u00e9canique marqu\u00e9 CE) et NF S 61-937 (asservissement DAS \u00e0 la s\u00e9curit\u00e9 incendie).<br \/>\nDimensions compactes et discr\u00e8tes : hauteur du bandeau 30 mm, et profondeur 34 mm. Vantaux asym\u00e9triques possibles : largeur minimum du vantail semi-fixe de 370 mm.<br \/>\nChoix du mod\u00e8le en fonction de la largeur de porte :* GSR-EMF 1 \/ V : 1350 \u00e0 2500 mm.<br \/>\nR\u00e9gulateur de fermeture m\u00e9canique et lin\u00e9aire avec s\u00e9curit\u00e9 de l&rsquo;ordre de fermeture des vantaux.<br \/>\nArr\u00eat \u00e9lectromagn\u00e9tique int\u00e9gr\u00e9 1,4 W avec force de r\u00e9tention r\u00e9glable et angle de maintien en position d&rsquo;ouverture ajustable de 80\u00b0 \u00e0 130\u00b0 sur vantail semi-fixe, et jusqu&rsquo;\u00e0 150\u00b0 sur vantail de service.<br \/>\nFermeture par rupture de tension ou en tirant manuellement sur l&rsquo;un ou l&rsquo;autre des vantaux.<br \/>\nAlimentation 24 Volts, 48 Volts sur commande. Mod\u00e8le de ferme-porte et force de fermeture, \u00e0 choisir en fonction de la largeur et du poids de la porte et des fonctions hydrauliques n\u00e9cessaires : utilisation c\u00f4t\u00e9 paumelles avec TS 93 B, TS 93 B 2 S, TS 92 B, TS 91 B (pr\u00e9voir la plaque de montage).<br \/>\nCouleurs disponibles : argent, blanc (9016) en standard. Autres coloris possibles : RAL au choix du client, finition Design fa\u00e7on inox.<br \/>\nFerme porte \u00e0 commander s\u00e9par\u00e9ment.<\/p>\n<div class=\"attribute product sku\"><span class=\"type\">R\u00e9f. PRO:<\/span>\u00a0<span class=\"value\" data-bind=\"text: selectedArticleSku\">32127959<\/span><\/div>\n<div class=\"attribute product ref\"><span class=\"type\">R\u00e9f. fab :<\/span>\u00a0<span class=\"value\" data-bind=\"text: getReferenceCode()\">64112001<\/span><\/div>\n","protected":false},"featured_media":3957,"template":"","meta":[],"product_cat":[613,616,16],"product_tag":[636,628,637,634,635],"class_list":{"0":"post-3956","1":"product","2":"type-product","3":"status-publish","4":"has-post-thumbnail","6":"product_cat-ferme-portes-aide-a-la-fermeture-des-portes-et-fenetres","7":"product_cat-systemes-dassistance-a-la-fermeture-de-portes","8":"product_cat-quincaillerie","9":"product_tag-636","10":"product_tag-argent","11":"product_tag-avec-asservissement","12":"product_tag-bandeau-selecteur","13":"product_tag-bandeau-selecteur-de-fermeture","15":"first","16":"instock","17":"taxable","18":"shipping-taxable","19":"purchasable","20":"product-type-simple"},"_links":{"self":[{"href":"http:\/\/s350233878.onlinehome.fr\/index.php\/wp-json\/wp\/v2\/product\/3956","targetHints":{"allow":["GET"]}}],"collection":[{"href":"http:\/\/s350233878.onlinehome.fr\/index.php\/wp-json\/wp\/v2\/product"}],"about":[{"href":"http:\/\/s350233878.onlinehome.fr\/index.php\/wp-json\/wp\/v2\/types\/product"}],"wp:featuredmedia":[{"embeddable":true,"href":"http:\/\/s350233878.onlinehome.fr\/index.php\/wp-json\/wp\/v2\/media\/3957"}],"wp:attachment":[{"href":"http:\/\/s350233878.onlinehome.fr\/index.php\/wp-json\/wp\/v2\/media?parent=3956"}],"wp:term":[{"taxonomy":"product_cat","embeddable":true,"href":"http:\/\/s350233878.onlinehome.fr\/index.php\/wp-json\/wp\/v2\/product_cat?post=3956"},{"taxonomy":"product_tag","embeddable":true,"href":"http:\/\/s350233878.onlinehome.fr\/index.php\/wp-json\/wp\/v2\/product_tag?post=3956"}],"curies":[{"name":"wp","href":"https:\/\/api.w.org\/{rel}","templated":true}]}}