{"id":3915,"date":"2023-12-11T16:43:09","date_gmt":"2023-12-11T15:43:09","guid":{"rendered":"https:\/\/vtbati.fr\/vtbati\/?post_type=product&#038;p=3915"},"modified":"2023-12-11T16:43:12","modified_gmt":"2023-12-11T15:43:12","slug":"jpm-fermeture-durgence-europad-179-2-points-h-b","status":"publish","type":"product","link":"http:\/\/s350233878.onlinehome.fr\/index.php\/produit\/jpm-fermeture-durgence-europad-179-2-points-h-b\/","title":{"rendered":"JPM &#8211; Fermeture d&rsquo;urgence EUROPAD 179 2 POINTS H\/B"},"content":{"rendered":"","protected":false},"excerpt":{"rendered":"<p>Apte \u00e0 \u00e9quiper une porte coupe-feu 2 heures.<br \/>\n\u2022 Version :\u00a0 2 points haut et bas<br \/>\n\u2022 Compatible avec le module ext\u00e9rieur\u00a0Europad\u00a0EN3000, en b\u00e9quille ou bouton<br \/>\n\u2022 Tr\u00e8s haute endurance\u00a0: certification \u00e0\u00a0200\u00a0000 de cycles<br \/>\n\u2022 Tr\u00e8s haute r\u00e9sistance anticorrosion : 240HBS<br \/>\n\u2022 Faible effort d&rsquo;ouverture\u00a0: 7kg<br \/>\n\u2022 Palette de man\u0153uvre facilement identifiable :<br \/>\n&#8211; Signal\u00e9tique graphique descriptive bilingue : fran\u00e7ais\/anglais<br \/>\n&#8211; Coloris Vert ISO \u00e9vacuation<br \/>\n\u2022 Fermeture\u00a0d&rsquo;urgence r\u00e9versible, par intervention simple sur le produit en retournant les leviers<strong><br \/>\n<\/strong>\u2022 Faible projection : encombrement &lt;\u00a0100 mm<br \/>\n\u2022 Pour porte standard de 2 300 mm de haut<br \/>\n\u2022 Pour porte grande hauteur jusqu&rsquo;\u00e0\u00a03200 mm de haut (kit \u00e0 acheter s\u00e9par\u00e9ment)<br \/>\n\u2022 R\u00e9-empennage automatique des loquets haut et bas \u00e0 la refermeture.<br \/>\nConforme \u00e0 la norme EN179.<\/p>\n<div class=\"attribute product code-p\"><span class=\"type\">Code P :<\/span>\u00a0<span class=\"value\">P790DSG<\/span><\/div>\n<div class=\"attribute product sku\"><span class=\"type\">R\u00e9f. PRO :<\/span>\u00a0<span class=\"value\" data-bind=\"text: selectedArticleSku\">13309671<\/span><\/div>\n<div class=\"attribute product ref\"><span class=\"type\">R\u00e9f. fab :<\/span>\u00a0<span class=\"value\" data-bind=\"text: getReferenceCode()\">898902-01-0A<\/span><\/div>\n","protected":false},"featured_media":3951,"template":"","meta":[],"product_cat":[613,616,16],"product_tag":[632,630,631,629,633],"class_list":{"0":"post-3915","1":"product","2":"type-product","3":"status-publish","4":"has-post-thumbnail","6":"product_cat-ferme-portes-aide-a-la-fermeture-des-portes-et-fenetres","7":"product_cat-systemes-dassistance-a-la-fermeture-de-portes","8":"product_cat-quincaillerie","9":"product_tag-2-points","10":"product_tag-europad","11":"product_tag-europad-179","12":"product_tag-fermeture-durgence","13":"product_tag-h-b","15":"first","16":"instock","17":"taxable","18":"shipping-taxable","19":"purchasable","20":"product-type-simple"},"_links":{"self":[{"href":"http:\/\/s350233878.onlinehome.fr\/index.php\/wp-json\/wp\/v2\/product\/3915","targetHints":{"allow":["GET"]}}],"collection":[{"href":"http:\/\/s350233878.onlinehome.fr\/index.php\/wp-json\/wp\/v2\/product"}],"about":[{"href":"http:\/\/s350233878.onlinehome.fr\/index.php\/wp-json\/wp\/v2\/types\/product"}],"wp:featuredmedia":[{"embeddable":true,"href":"http:\/\/s350233878.onlinehome.fr\/index.php\/wp-json\/wp\/v2\/media\/3951"}],"wp:attachment":[{"href":"http:\/\/s350233878.onlinehome.fr\/index.php\/wp-json\/wp\/v2\/media?parent=3915"}],"wp:term":[{"taxonomy":"product_cat","embeddable":true,"href":"http:\/\/s350233878.onlinehome.fr\/index.php\/wp-json\/wp\/v2\/product_cat?post=3915"},{"taxonomy":"product_tag","embeddable":true,"href":"http:\/\/s350233878.onlinehome.fr\/index.php\/wp-json\/wp\/v2\/product_tag?post=3915"}],"curies":[{"name":"wp","href":"https:\/\/api.w.org\/{rel}","templated":true}]}}