{"id":3906,"date":"2023-12-11T15:56:26","date_gmt":"2023-12-11T14:56:26","guid":{"rendered":"https:\/\/vtbati.fr\/vtbati\/?post_type=product&#038;p=3906"},"modified":"2023-12-11T15:56:31","modified_gmt":"2023-12-11T14:56:31","slug":"groom-charniere-et-paumelle-a-ressort-charniere-double-action-argent","status":"publish","type":"product","link":"http:\/\/s350233878.onlinehome.fr\/index.php\/produit\/groom-charniere-et-paumelle-a-ressort-charniere-double-action-argent\/","title":{"rendered":"GROOM &#8211; Charni\u00e8re et paumelle \u00e0 ressort CHARNIERE DOUBLE ACTION ARGENT"},"content":{"rendered":"","protected":false},"excerpt":{"rendered":"<p>Ouverture \u00e0 180\u00b0.<br \/>\nTest\u00e9e \u00e0 200000 cycles.<br \/>\nPour portes lourdes jusqu&rsquo;\u00e0 100 kg.<br \/>\nInd\u00e9montable gr\u00e2ce aux axes rivet\u00e9s.<br \/>\nSilencieuse gr\u00e2ce aux bagues auto lubrifiantes.<br \/>\nDimensions de 75 mm \u00e0 200 mm.<br \/>\nDisponible en diff\u00e9rentes finitions : acier, laqu\u00e9 argent et inox.<\/p>\n<p>Double action : taille 29 \u00e0 42.<br \/>\nPoids maxi. de la porte avec 2 charni\u00e8res n\u00b042 : 70 kg.<br \/>\nPoids maxi. de la porte avec 3 charni\u00e8res n\u00b042 : 100 kg.<\/p>\n<div class=\"attribute product code-p\"><span class=\"type\">Code P :<\/span>\u00a0<span class=\"value\">P790EH3<\/span><\/div>\n<div class=\"attribute product sku\"><span class=\"type\">R\u00e9f. PRO :<\/span>\u00a0<span class=\"value\" data-bind=\"text: selectedArticleSku\">12414684<\/span><\/div>\n<div class=\"attribute product ref\"><span class=\"type\">R\u00e9f. fab :<\/span>\u00a0<span class=\"value\" data-bind=\"text: getReferenceCode()\">GR123101<\/span><\/div>\n","protected":false},"featured_media":3907,"template":"","meta":[],"product_cat":[613,616,16],"product_tag":[628,625,627,626],"class_list":{"0":"post-3906","1":"product","2":"type-product","3":"status-publish","4":"has-post-thumbnail","6":"product_cat-ferme-portes-aide-a-la-fermeture-des-portes-et-fenetres","7":"product_cat-systemes-dassistance-a-la-fermeture-de-portes","8":"product_cat-quincaillerie","9":"product_tag-argent","10":"product_tag-charniere","11":"product_tag-charniere-double-action","12":"product_tag-paumelle-a-ressort","14":"first","15":"instock","16":"taxable","17":"shipping-taxable","18":"purchasable","19":"product-type-simple"},"_links":{"self":[{"href":"http:\/\/s350233878.onlinehome.fr\/index.php\/wp-json\/wp\/v2\/product\/3906","targetHints":{"allow":["GET"]}}],"collection":[{"href":"http:\/\/s350233878.onlinehome.fr\/index.php\/wp-json\/wp\/v2\/product"}],"about":[{"href":"http:\/\/s350233878.onlinehome.fr\/index.php\/wp-json\/wp\/v2\/types\/product"}],"wp:featuredmedia":[{"embeddable":true,"href":"http:\/\/s350233878.onlinehome.fr\/index.php\/wp-json\/wp\/v2\/media\/3907"}],"wp:attachment":[{"href":"http:\/\/s350233878.onlinehome.fr\/index.php\/wp-json\/wp\/v2\/media?parent=3906"}],"wp:term":[{"taxonomy":"product_cat","embeddable":true,"href":"http:\/\/s350233878.onlinehome.fr\/index.php\/wp-json\/wp\/v2\/product_cat?post=3906"},{"taxonomy":"product_tag","embeddable":true,"href":"http:\/\/s350233878.onlinehome.fr\/index.php\/wp-json\/wp\/v2\/product_tag?post=3906"}],"curies":[{"name":"wp","href":"https:\/\/api.w.org\/{rel}","templated":true}]}}