{"id":3893,"date":"2023-12-11T15:43:40","date_gmt":"2023-12-11T14:43:40","guid":{"rendered":"https:\/\/vtbati.fr\/vtbati\/?post_type=product&#038;p=3893"},"modified":"2023-12-11T15:43:42","modified_gmt":"2023-12-11T14:43:42","slug":"geze-ferme-porte-en-applique-ts3000v","status":"publish","type":"product","link":"http:\/\/s350233878.onlinehome.fr\/index.php\/produit\/geze-ferme-porte-en-applique-ts3000v\/","title":{"rendered":"GEZE &#8211; Ferme-porte en applique TS3000V"},"content":{"rendered":"","protected":false},"excerpt":{"rendered":"<p>Le\u00a0<strong>ferme-porte TS 3000 V<\/strong>\u00a0se caract\u00e9rise par :<br \/>\n&#8211; \u00c0 cr\u00e9maill\u00e8re elliptique.<br \/>\n&#8211; Comporte un bras \u00e0 coulisse et convient pour les portes jusqu\u2019\u00e0 1100 mm de largeur.<br \/>\n&#8211; La force de fermeture, la vitesse de fermeture et l&rsquo;\u00e0-coup final hydraulique sont r\u00e9glables.<br \/>\n&#8211; Destin\u00e9 aux portes \u00e0 simple action \u00e0 1 vantail fermant \u00e0 droite ou \u00e0 gauche.<br \/>\n&#8211; Convient pour les portes coupe-feu et pare-flammes.<\/p>\n<div class=\"attribute product code-p\"><span class=\"type\">Code P :<\/span>\u00a0<span class=\"value\">P790521<\/span><\/div>\n<div class=\"attribute product sku\"><span class=\"type\">R\u00e9f. PRO :<\/span>\u00a0<span class=\"value\" data-bind=\"text: selectedArticleSku\">11096816<\/span><\/div>\n<div class=\"attribute product ref\"><span class=\"type\">R\u00e9f. fab :<\/span>\u00a0<span class=\"value\" data-bind=\"text: getReferenceCode()\">28348<\/span><\/div>\n","protected":false},"featured_media":3894,"template":"","meta":[],"product_cat":[614,613,16],"product_tag":[600,618,622],"class_list":{"0":"post-3893","1":"product","2":"type-product","3":"status-publish","4":"has-post-thumbnail","6":"product_cat-ferme-portes","7":"product_cat-ferme-portes-aide-a-la-fermeture-des-portes-et-fenetres","8":"product_cat-quincaillerie","9":"product_tag-en-applique","10":"product_tag-ferme-porte","11":"product_tag-ts3000v","13":"first","14":"instock","15":"taxable","16":"shipping-taxable","17":"purchasable","18":"product-type-simple"},"_links":{"self":[{"href":"http:\/\/s350233878.onlinehome.fr\/index.php\/wp-json\/wp\/v2\/product\/3893","targetHints":{"allow":["GET"]}}],"collection":[{"href":"http:\/\/s350233878.onlinehome.fr\/index.php\/wp-json\/wp\/v2\/product"}],"about":[{"href":"http:\/\/s350233878.onlinehome.fr\/index.php\/wp-json\/wp\/v2\/types\/product"}],"wp:featuredmedia":[{"embeddable":true,"href":"http:\/\/s350233878.onlinehome.fr\/index.php\/wp-json\/wp\/v2\/media\/3894"}],"wp:attachment":[{"href":"http:\/\/s350233878.onlinehome.fr\/index.php\/wp-json\/wp\/v2\/media?parent=3893"}],"wp:term":[{"taxonomy":"product_cat","embeddable":true,"href":"http:\/\/s350233878.onlinehome.fr\/index.php\/wp-json\/wp\/v2\/product_cat?post=3893"},{"taxonomy":"product_tag","embeddable":true,"href":"http:\/\/s350233878.onlinehome.fr\/index.php\/wp-json\/wp\/v2\/product_tag?post=3893"}],"curies":[{"name":"wp","href":"https:\/\/api.w.org\/{rel}","templated":true}]}}