{"id":3886,"date":"2023-12-11T15:37:50","date_gmt":"2023-12-11T14:37:50","guid":{"rendered":"https:\/\/vtbati.fr\/vtbati\/?post_type=product&#038;p=3886"},"modified":"2023-12-11T15:37:52","modified_gmt":"2023-12-11T14:37:52","slug":"geze-ferme-porte-en-applique-ts-5000","status":"publish","type":"product","link":"http:\/\/s350233878.onlinehome.fr\/index.php\/produit\/geze-ferme-porte-en-applique-ts-5000\/","title":{"rendered":"GEZE &#8211; Ferme-porte en applique TS 5000"},"content":{"rendered":"<p>Le\u00a0<strong>ferme-porte TS 5000<\/strong>\u00a0se caract\u00e9rise par :<br \/>\n&#8211; Convient pour un bras \u00e0 coulisse.<br \/>\n&#8211; Est d\u00e9di\u00e9 aux portes fermant \u00e0 droite ou \u00e0 gauche, \u00e0 1 vantail, jusqu\u2019\u00e0 1400 mm de largeur.<br \/>\n&#8211; La force de fermeture est r\u00e9glable EN 2-6.<br \/>\n&#8211; La vitesse de fermeture et l&rsquo;\u00e0-coup final hydraulique sont r\u00e9glables.<br \/>\n&#8211; Le freinage \u00e0 l\u2019ouverture est int\u00e9gr\u00e9.<br \/>\n&#8211; Comporte un lecteur optique de la force de fermeture.<br \/>\n&#8211; Toutes les fonctions sont r\u00e9glables par le devant.<br \/>\n&#8211; Convient pour les portes coupe-feu et pare-flammes.<br \/>\n<strong>Bras \u00e0 coulisse \u00e0 commander s\u00e9par\u00e9ment.<\/strong><\/p>\n<div class=\"attribute product code-p\"><span class=\"type\">Code P :<\/span>\u00a0<span class=\"value\">P7904YZ<\/span><\/div>\n<div class=\"attribute product sku\"><span class=\"type\">R\u00e9f. PRO :<\/span>\u00a0<span class=\"value\" data-bind=\"text: selectedArticleSku\">11098576<\/span><\/div>\n<div class=\"attribute product ref\"><span class=\"type\">R\u00e9f. fab :<\/span>\u00a0<span class=\"value\" data-bind=\"text: getReferenceCode()\">27333<\/span><\/div>\n","protected":false},"excerpt":{"rendered":"<p>Le\u00a0<strong>ferme-porte TS 5000<\/strong>\u00a0se caract\u00e9rise par :<br \/>\n&#8211; Convient pour un bras \u00e0 coulisse.<br \/>\n&#8211; Est d\u00e9di\u00e9 aux portes fermant \u00e0 droite ou \u00e0 gauche, \u00e0 1 vantail, jusqu\u2019\u00e0 1400 mm de largeur.<br \/>\n&#8211; La force de fermeture est r\u00e9glable EN 2-6.<br \/>\n&#8211; La vitesse de fermeture et l&rsquo;\u00e0-coup final hydraulique sont r\u00e9glables.<br \/>\n&#8211; Le freinage \u00e0 l\u2019ouverture est int\u00e9gr\u00e9.<br \/>\n&#8211; Comporte un lecteur optique de la force de fermeture.<br \/>\n&#8211; Toutes les fonctions sont r\u00e9glables par le devant.<br \/>\n&#8211; Convient pour les portes coupe-feu et pare-flammes.<br \/>\n<strong>Bras \u00e0 coulisse \u00e0 commander s\u00e9par\u00e9ment.<\/strong><\/p>\n<div class=\"attribute product code-p\"><span class=\"type\">Code P :<\/span>\u00a0<span class=\"value\">P7904YZ<\/span><\/div>\n<div class=\"attribute product sku\"><span class=\"type\">R\u00e9f. PRO :<\/span>\u00a0<span class=\"value\" data-bind=\"text: selectedArticleSku\">11098576<\/span><\/div>\n<div class=\"attribute product ref\"><span class=\"type\">R\u00e9f. fab :<\/span>\u00a0<span class=\"value\" data-bind=\"text: getReferenceCode()\">27333<\/span><\/div>\n","protected":false},"featured_media":3887,"template":"","meta":[],"product_cat":[614,613,16],"product_tag":[600,618,621],"class_list":{"0":"post-3886","1":"product","2":"type-product","3":"status-publish","4":"has-post-thumbnail","6":"product_cat-ferme-portes","7":"product_cat-ferme-portes-aide-a-la-fermeture-des-portes-et-fenetres","8":"product_cat-quincaillerie","9":"product_tag-en-applique","10":"product_tag-ferme-porte","11":"product_tag-ts-5000","13":"first","14":"instock","15":"taxable","16":"shipping-taxable","17":"purchasable","18":"product-type-simple"},"_links":{"self":[{"href":"http:\/\/s350233878.onlinehome.fr\/index.php\/wp-json\/wp\/v2\/product\/3886","targetHints":{"allow":["GET"]}}],"collection":[{"href":"http:\/\/s350233878.onlinehome.fr\/index.php\/wp-json\/wp\/v2\/product"}],"about":[{"href":"http:\/\/s350233878.onlinehome.fr\/index.php\/wp-json\/wp\/v2\/types\/product"}],"wp:featuredmedia":[{"embeddable":true,"href":"http:\/\/s350233878.onlinehome.fr\/index.php\/wp-json\/wp\/v2\/media\/3887"}],"wp:attachment":[{"href":"http:\/\/s350233878.onlinehome.fr\/index.php\/wp-json\/wp\/v2\/media?parent=3886"}],"wp:term":[{"taxonomy":"product_cat","embeddable":true,"href":"http:\/\/s350233878.onlinehome.fr\/index.php\/wp-json\/wp\/v2\/product_cat?post=3886"},{"taxonomy":"product_tag","embeddable":true,"href":"http:\/\/s350233878.onlinehome.fr\/index.php\/wp-json\/wp\/v2\/product_tag?post=3886"}],"curies":[{"name":"wp","href":"https:\/\/api.w.org\/{rel}","templated":true}]}}